{"id":1149,"date":"2021-09-23T11:04:11","date_gmt":"2021-09-23T09:04:11","guid":{"rendered":"https:\/\/www.comarme-iberica.com\/services\/"},"modified":"2021-09-23T11:04:12","modified_gmt":"2021-09-23T09:04:12","slug":"services","status":"publish","type":"page","link":"https:\/\/www.comarme-iberica.com\/fr\/entreprise\/services\/","title":{"rendered":"Services"},"content":{"rendered":"\t<section class=\"section\" id=\"section_1201755283\">\n\t\t<div class=\"bg section-bg fill bg-fill bg-loaded bg-loaded\" >\n\n\t\t\t\n\t\t\t\n\t\t\t\n\n\t\t<\/div>\n\n\t\t<div class=\"section-content relative\">\n\t\t\t\n<div class=\"row row-small\"  id=\"row-502645384\">\n\n\t<div id=\"col-701453258\" class=\"col small-12 large-12\"  >\n\t\t<div class=\"col-inner\"  >\n\t\t\t\n\t\t\t\n<h1><strong>COMARME IB\u00c9RICA\u00a0:<\/strong> <strong>NOS VALEURS<\/strong><\/h1>\n<h3>Nous voulons \u00eatre le principal fournisseur \u00e9levant votre mat\u00e9riel \u00e0 un nouveau niveau, am\u00e9liorant la productivit\u00e9, la qualit\u00e9 et la durabilit\u00e9, garantissant une r\u00e9duction importante des co\u00fbts et des d\u00e9chets.<\/h3>\n\t\t<\/div>\n\t\t\t<\/div>\n\n\t\n\n\t<div id=\"col-970239282\" class=\"col medium-4 small-12 large-4\"  >\n\t\t<div class=\"col-inner\"  >\n\t\t\t\n\t\t\t\n\n\t\t<div class=\"icon-box featured-box icon-box-center text-center\"  >\n\t\t\t\t\t<div class=\"icon-box-img\" style=\"width: 99px\">\n\t\t\t\t<div class=\"icon\">\n\t\t\t\t\t<div class=\"icon-inner\" >\n\t\t\t\t\t\t<img loading=\"lazy\" decoding=\"async\" width=\"1\" height=\"1\" src=\"https:\/\/www.comarme-iberica.com\/wp-content\/uploads\/2018\/04\/copa-1.svg\" class=\"attachment-medium size-medium\" alt=\"\" \/>\t\t\t\t\t<\/div>\n\t\t\t\t<\/div>\n\t\t\t<\/div>\n\t\t\t\t<div class=\"icon-box-text last-reset\">\n\t\t\t<h5 class=\"uppercase\">Innovation et qualit\u00e9<\/h5>\t\t\t\t\t\t\n<p>Les machines de COMARME, S.R.L. ont toujours \u00e9t\u00e9 synonyme de qualit\u00e9, innovation et \u00e9volution, et donc nous sommes toujours \u00e0 la recherche de nouveaux produits et lancements.<\/p>\n\t\t<\/div>\n\t<\/div>\n\t\n\t\n\t\t<\/div>\n\t\t\t<\/div>\n\n\t\n\n\t<div id=\"col-593142078\" class=\"col medium-4 small-12 large-4\"  >\n\t\t<div class=\"col-inner\"  >\n\t\t\t\n\t\t\t\n\n\t\t<div class=\"icon-box featured-box icon-box-center text-center\"  >\n\t\t\t\t\t<div class=\"icon-box-img\" style=\"width: 99px\">\n\t\t\t\t<div class=\"icon\">\n\t\t\t\t\t<div class=\"icon-inner\" >\n\t\t\t\t\t\t<img loading=\"lazy\" decoding=\"async\" width=\"1\" height=\"1\" src=\"https:\/\/www.comarme-iberica.com\/wp-content\/uploads\/2018\/04\/Arbre-1.svg\" class=\"attachment-medium size-medium\" alt=\"\" \/>\t\t\t\t\t<\/div>\n\t\t\t\t<\/div>\n\t\t\t<\/div>\n\t\t\t\t<div class=\"icon-box-text last-reset\">\n\t\t\t<h5 class=\"uppercase\">Engagement environnemental<\/h5>\t\t\t\t\t\t\n<p>Nous suivons un processus \u00e9cologiquement s\u00fbr, responsable et durable, ce qui nous aide \u00e0 obtenir une croissance pratique, \u00e9conomique et environnementale.<\/p>\n\t\t<\/div>\n\t<\/div>\n\t\n\t\n\t\t<\/div>\n\t\t\t<\/div>\n\n\t\n\n\t<div id=\"col-2105522289\" class=\"col medium-4 small-12 large-4\"  >\n\t\t<div class=\"col-inner\"  >\n\t\t\t\n\t\t\t\n\n\t\t<div class=\"icon-box featured-box icon-box-center text-center\"  >\n\t\t\t\t\t<div class=\"icon-box-img\" style=\"width: 99px\">\n\t\t\t\t<div class=\"icon\">\n\t\t\t\t\t<div class=\"icon-inner\" >\n\t\t\t\t\t\t<img loading=\"lazy\" decoding=\"async\" width=\"1\" height=\"1\" src=\"https:\/\/www.comarme-iberica.com\/wp-content\/uploads\/2018\/04\/ma-1.svg\" class=\"attachment-medium size-medium\" alt=\"\" \/>\t\t\t\t\t<\/div>\n\t\t\t\t<\/div>\n\t\t\t<\/div>\n\t\t\t\t<div class=\"icon-box-text last-reset\">\n\t\t\t<h5 class=\"uppercase\">Satisfaction du client<\/h5>\t\t\t\t\t\t\n<p>Comarme Ib\u00e9rica est \u00e0 la pointe de la technologie et en am\u00e9lioration continue afin de satisfaire les nouveaux besoins du march\u00e9 et des clients. C\u2019est pourquoi, nous offrons un service complet qui commence par le conseil technique et se poursuit avec un service apr\u00e8s-vente selon les standards de travail les plus exhaustifs.<\/p>\n\t\t<\/div>\n\t<\/div>\n\t\n\t\n\t\t<\/div>\n\t\t\t<\/div>\n\n\t\n<\/div>\n\t\t<\/div>\n\n\t\t\n<style>\n#section_1201755283 {\n  padding-top: 30px;\n  padding-bottom: 30px;\n}\n<\/style>\n\t<\/section>\n\t\n\t<section class=\"section\" id=\"section_1927991813\">\n\t\t<div class=\"bg section-bg fill bg-fill bg-loaded bg-loaded\" >\n\n\t\t\t\n\t\t\t\n\t\t\t\n\n\t\t<\/div>\n\n\t\t<div class=\"section-content relative\">\n\t\t\t\n\n  <div class=\"banner has-hover has-parallax\" id=\"banner-641337326\">\n          <div class=\"banner-inner fill\">\n        <div class=\"banner-bg fill\" data-parallax=\"-5\" data-parallax-container=\".banner\" data-parallax-background>\n            <div class=\"bg fill bg-fill bg-loaded\"><\/div>\n                        <div class=\"overlay\"><\/div>            \n                    <\/div>\n        <div class=\"banner-layers container\">\n            <div class=\"fill banner-link\"><\/div>            \n   <div id=\"text-box-1454393667\" class=\"text-box banner-layer x50 md-x50 lg-x50 y50 md-y50 lg-y50 res-text\">\n                                <div class=\"text-box-content text dark\">\n              \n              <div class=\"text-inner text-center\">\n                  \n<h3 class=\"uppercase\"><strong>STOCK PERMANENT<\/strong><\/h3>\n<p>Nous poss\u00e9dons un stock permanent dans toute la gamme de machines afin de r\u00e9duire les d\u00e9lais de livraison et pour que vous puissiez profiter de votre emballeuse imm\u00e9diatement et ne pas perdre de temps de production.<\/p>\n              <\/div>\n           <\/div>\n                            \n<style>\n#text-box-1454393667 {\n  width: 60%;\n}\n#text-box-1454393667 .text-box-content {\n  font-size: 100%;\n}\n<\/style>\n    <\/div>\n \n        <\/div>\n      <\/div>\n\n            \n<style>\n#banner-641337326 {\n  padding-top: 400px;\n  background-color: #008628;\n}\n#banner-641337326 .bg.bg-loaded {\n  background-image: url(https:\/\/www.comarme-iberica.com\/wp-content\/uploads\/2018\/04\/Foto_SHOWROOM-1024x576.jpg);\n}\n#banner-641337326 .overlay {\n  background-color: rgba(0, 0, 0, 0.8);\n}\n<\/style>\n  <\/div>\n\n\n\t\t<\/div>\n\n\t\t\n<style>\n#section_1927991813 {\n  padding-top: 0px;\n  padding-bottom: 0px;\n}\n<\/style>\n\t<\/section>\n\t\n\t<section class=\"section\" id=\"section_1523494938\">\n\t\t<div class=\"bg section-bg fill bg-fill bg-loaded bg-loaded\" >\n\n\t\t\t\n\t\t\t\n\t\t\t\n\n\t\t<\/div>\n\n\t\t<div class=\"section-content relative\">\n\t\t\t\n<div class=\"row\"  id=\"row-692651024\">\n\n\t<div id=\"col-1470892014\" class=\"col small-12 large-12\"  >\n\t\t<div class=\"col-inner\"  >\n\t\t\t\n\t\t\t\n<h2 style=\"text-align: center\"><strong>NOS SERVICES<\/strong><\/h2>\n<p style=\"text-align: center\">Chez\u00a0<strong>ATLANTA STRETCH IBERICA, S.L.\u00a0<\/strong>nous ne finissons pas avec la vente et l\u2019installation d\u2019une machine mais plut\u00f4t nous commen\u00e7ons \u00e0 cet instant avec nos services de suivi et contr\u00f4le pour v\u00e9rifier que votre syst\u00e8me d\u2019emballage continue d\u2019\u00eatre dans son meilleur \u00e9tat.<\/p>\n\t\t<\/div>\n\t\t\t<\/div>\n\n\t\n\n\t<div id=\"col-1592863907\" class=\"col medium-4 small-12 large-4\"  >\n\t\t<div class=\"col-inner\"  >\n\t\t\t\n\t\t\t\n<h3><strong>CONSEIL TECHNIQUE<\/strong><\/h3>\n<p>Nous vous aidons et conseillons pour que vous soyez s\u00fbr que vous faites l\u2019acquisition de ce dont vous avez r\u00e9ellement besoin et qui remplit les objectifs \u00e0 la perfection.<\/p>\n\t\t<\/div>\n\t\t\t<\/div>\n\n\t\n\n\t<div id=\"col-1036233330\" class=\"col medium-4 small-12 large-4\"  >\n\t\t<div class=\"col-inner\"  >\n\t\t\t\n\t\t\t\n<h3><strong>D\u00c9VELOPPEMENT ING\u00c9NIERIE<\/strong><\/h3>\n<p>Nous mettons en \u0153uvre et d\u00e9veloppons des solutions compl\u00e8tes en machines pour fin de chaine \u00e0 la recherche de solutions techniques pour vos objectifs.<\/p>\n\t\t<\/div>\n\t\t\t<\/div>\n\n\t\n\n\t<div id=\"col-1404004906\" class=\"col medium-4 small-12 large-4\"  >\n\t\t<div class=\"col-inner\"  >\n\t\t\t\n\t\t\t\n<h3><strong>DOCUMENTATION<\/strong><\/h3>\n<p>Toutes nos emballeuses sont livr\u00e9es avec leur certificat CE correspondant, avec leur manuel d\u2019instructions ainsi que le sch\u00e9ma \u00e9lectrique.<\/p>\n\t\t<\/div>\n\t\t\t<\/div>\n\n\t\n\n\t<div id=\"col-1201717405\" class=\"col medium-4 small-12 large-4\"  >\n\t\t<div class=\"col-inner\"  >\n\t\t\t\n\t\t\t\n<h3><strong>MAINTENANCES<\/strong><\/h3>\n<p>Nous r\u00e9alisons des maintenances pr\u00e9ventives pour v\u00e9rifier l\u2019usure et le bon fonctionnement de la machine. Ainsi, nous contr\u00f4lons que l\u2019efficience et la productivit\u00e9 ne p\u00e2tissent pas. Seul un travail pr\u00e9alable peut \u00e9conomiser des heures perdues en production.<\/p>\n\t\t<\/div>\n\t\t\t<\/div>\n\n\t\n\n\t<div id=\"col-1007810147\" class=\"col medium-4 small-12 large-4\"  >\n\t\t<div class=\"col-inner\"  >\n\t\t\t\n\t\t\t\n<h3><strong>ASSISTANCE TECHNIQUE<\/strong><\/h3>\n<p>Notre service d\u2019assistance technique est rapide et efficace. Nous r\u00e9alisons des interventions dans les 24-48 heures ouvrables selon chaque cas en particulier.<\/p>\n\t\t<\/div>\n\t\t\t<\/div>\n\n\t\n\n\t<div id=\"col-1199032796\" class=\"col medium-4 small-12 large-4\"  >\n\t\t<div class=\"col-inner\"  >\n\t\t\t\n\t\t\t\n<h3><strong>SERVICE APR\u00c8S-VENTE<\/strong><\/h3>\n<p>Nous disposons d\u2019un service apr\u00e8s-vente tr\u00e8s comp\u00e9tent et efficace, permettant de r\u00e9duire les d\u00e9lais de r\u00e9paration \u00e0 entre 24-48 heures ouvrables.<\/p>\n\t\t<\/div>\n\t\t\t<\/div>\n\n\t\n<\/div>\n\t\t<\/div>\n\n\t\t\n<style>\n#section_1523494938 {\n  padding-top: 30px;\n  padding-bottom: 30px;\n  background-color: rgb(244, 244, 244);\n}\n<\/style>\n\t<\/section>\n\t\n\n\t<script type=\"text\/javascript\">\n  jQuery( document ).ready(function() {\n    function initialize() {\n        var styles = {\n            'flatsome':  [{\n            \"featureType\": \"administrative\",\n            \"stylers\": [\n              { \"visibility\": \"on\" }\n            ]\n          },\n          {\n            \"featureType\": \"road\",\n            \"stylers\": [\n              { \"visibility\": \"on\" },\n              { \"hue\": \"\" }\n            ]\n          },\n          {\n            \"stylers\": [\n\t\t\t  { \"visibility\": \"on\" },\n\t\t\t  { \"hue\": \"\" },\n\t\t\t  { \"saturation\": -30 }\n            ]\n          }\n        ]};\n\n        var myLatlng = new google.maps.LatLng(40.63932, 0.33477);\n        var myOptions = {\n            zoom: 15,\n            center: myLatlng,\n            mapTypeId: google.maps.MapTypeId.ROADMAP,\n            disableDefaultUI: true,\n            mapTypeId: 'flatsome',\n            draggable: true,\n            zoomControl: true,\n            zoomControlOptions: {\n              position: google.maps.ControlPosition.TOP_LEFT\n            },\n      \t\t\t\/\/ panControl: true,\n            \/\/ panControlOptions: {\n            \/\/   position: google.maps.ControlPosition.TOP_LEFT\n            \/\/ },\n      \t\t\tmapTypeControl: true,\n            mapTypeControlOptions: {\n              position: google.maps.ControlPosition.TOP_LEFT\n            },\n      \t\t\t\/\/ scaleControl: true,\n            \/\/ scaleControlOptions: {\n            \/\/   position: google.maps.ControlPosition.TOP_LEFT\n            \/\/ },\n      \t\t\tstreetViewControl: true,\n            streetViewControlOptions: {\n              position: google.maps.ControlPosition.TOP_LEFT\n            },\n      \t\t\t\/\/ overviewMapControl: true,\n            \/\/ overviewMapControlOptions: {\n            \/\/   position: google.maps.ControlPosition.TOP_LEFT\n            \/\/ },\n            scrollwheel: false,\n            disableDoubleClickZoom: true\n        }\n        var map = new google.maps.Map(document.getElementById(\"map-2093668662-inner\"), myOptions);\n        var styledMapType = new google.maps.StyledMapType(styles['flatsome'], {name: 'flatsome'});\n        map.mapTypes.set('flatsome', styledMapType);\n\n        var marker = new google.maps.Marker({\n            position: myLatlng,\n            map: map,\n            title:\"\"\n        });\n    }\n\n    \/\/ Required to proceed\n    if (!(typeof google === 'object' && typeof google.maps === 'object')) {\n      return\n    }\n\n    initialize()\n    google.maps.event.addDomListener(window, 'resize', initialize);\n    });\n    <\/script>\n\n    <div class=\"google-map relative mb\" id=\"map-2093668662\">\n        <div class=\"map-height\" id=\"map-2093668662-inner\"><\/div>\n        <div id=\"map_overlay_top\"><\/div>\n        <div id=\"map_overlay_bottom\"><\/div>\n         \n       \n<style>\n#map-2093668662 .map-inner {\n  background-color: rgba(255, 255, 255, 0.81);\n  max-width: 100%;\n}\n#map-2093668662 .map-height {\n  height: 400px;\n}\n@media (min-width:550px) {\n  #map-2093668662 .map-inner {\n    max-width: 40%;\n  }\n}\n@media (min-width:850px) {\n  #map-2093668662 .map-inner {\n    max-width: 41%;\n  }\n}\n<\/style>\n    <\/div>\n\n\t\n\n  <div class=\"banner has-hover\" id=\"banner-1220309070\">\n          <div class=\"banner-inner fill\">\n        <div class=\"banner-bg fill\" >\n            <div class=\"bg fill bg-fill bg-loaded\"><\/div>\n                        <div class=\"overlay\"><\/div>            \n                    <\/div>\n        <div class=\"banner-layers container\">\n            <div class=\"fill banner-link\"><\/div>            \n\n   <div id=\"text-box-691578391\" class=\"text-box banner-layer x50 md-x50 lg-x50 y50 md-y50 lg-y50 res-text\">\n                                <div class=\"text-box-content text \">\n              \n              <div class=\"text-inner text-center\">\n                  \n\n<div class=\"tve-leads-shortcode tve-leads-triggered tve-tl-anim tl-anim-instant tve-leads-track-shortcode_1258\"><div class=\"tl-style\" id=\"tve_tcb2_blank\" data-state=\"3\" data-form-state=\"\"><style type=\"text\/css\" class=\"tve_custom_style\">@media (min-width: 300px){[data-css=\"tve-u-25b0663d952963\"] { color: rgb(0, 0, 0) !important; }:not(#tve) [data-css=\"tve-u-15b0663d95292a\"] { color: rgb(0, 0, 0) !important; }:not(#tve) [data-css=\"tve-u-45b0663d9529d6\"] input { padding-bottom: 7px !important; padding-top: 7px !important; }:not(#tve) [data-css=\"tve-u-65b0663d952a49\"] button { padding-bottom: 0px !important; margin-bottom: 10px !important; padding-top: 0px !important; background-color: rgb(0, 134, 40) !important; }[data-css=\"tve-u-55b0663d952a10\"] { max-width: 25%; }[data-css=\"tve-u-35b0663d95299d\"] { max-width: 75%; }[data-css=\"tve-u-05b0663d9528ee\"] { background-image: none !important; background-color: rgba(222, 222, 222, 0) !important; }[data-css=\"tve-u-17ca7267d77\"] { text-transform: uppercase !important; }}<\/style><style type=\"text\/css\" class=\"tve_user_custom_style\">.tve-leads-conversion-object .thrv_heading h1,.tve-leads-conversion-object .thrv_heading h2,.tve-leads-conversion-object .thrv_heading h3{margin:0;padding:0}.tve-leads-conversion-object .thrv_text_element p,.tve-leads-conversion-object .thrv_text_element h1,.tve-leads-conversion-object .thrv_text_element h2,.tve-leads-conversion-object .thrv_text_element h3{margin:0}<\/style><div class=\"tve-leads-conversion-object\" data-tl-type=\"shortcode_1258\"><div class=\"tve_flt\"><div id=\"tve_editor\" class=\"tve_shortcode_editor\"><div class=\"thrv-leads-form-box tve_no_drag tve_no_icons thrv_wrapper tve_editor_main_content tve_empty_dropzone\" data-css=\"tve-u-05b0663d9528ee\"><div class=\"thrv_wrapper thrv_text_element tve_empty_dropzone\"><h2 data-css=\"tve-u-15b0663d95292a\" style=\"text-align: center;\" class=\"\"><strong><span style=\"text-transform: uppercase;\" data-css=\"tve-u-17ca7267d77\">Inscrivez-vous \u00e0 notre newsletter<\/span><\/strong><\/h2><p style=\"text-align: center;\"><span data-css=\"tve-u-25b0663d952963\" style=\"color: rgb(0, 0, 0);\">Soyez les premiers \u00e0 recevoir des nouvelles et des mises \u00e0 jour de&nbsp;<\/span><span data-text-color=\"primary\"><strong>COMARME IB\u00c9RICA<\/strong><\/span><\/p><\/div><div class=\"thrv_wrapper thrv_lead_generation\" data-connection=\"api\" style=\"\" data-settings-id=\"1259\"><input type=\"hidden\" class=\"tve-lg-err-msg\" value=\"{&quot;email&quot;:&quot;Email address invalid&quot;,&quot;phone&quot;:&quot;Phone number invalid&quot;,&quot;password&quot;:&quot;Password invalid&quot;,&quot;passwordmismatch&quot;:&quot;Password mismatch error&quot;,&quot;required&quot;:&quot;Required field missing&quot;}\"><div class=\"thrv_lead_generation_container tve_clearfix\"><form action=\"#\" method=\"post\" novalidate=\"novalidate\" autocomplete=\"new-password\"><div class=\"tve_lead_generated_inputs_container tve_clearfix tve_empty_dropzone\"><div class=\"thrv_wrapper thrv-columns\" style=\"--tcb-col-el-width:758;\"><div class=\"tcb-flex-row tcb--cols--2 tcb-resized\"><div class=\"tcb-flex-col\" data-css=\"tve-u-35b0663d95299d\" style=\"\"><div class=\"tcb-col tve_empty_dropzone\"><div class=\"tve_lg_input_container tve_lg_input\" data-css=\"tve-u-45b0663d9529d6\"><input type=\"email\" data-field=\"email\" data-required=\"1\" data-validation=\"email\" name=\"email\" placeholder=\"E-mail\" data-placeholder=\"E-mail\" class=\"\"><\/div><\/div><\/div><div class=\"tcb-flex-col\" data-css=\"tve-u-55b0663d952a10\" style=\"\"><div class=\"tcb-col tve_empty_dropzone\"><div class=\"tve_lg_input_container tve_submit_container tve_lg_submit\" data-css=\"tve-u-65b0663d952a49\" data-button-style=\"\"><button type=\"submit\" class=\"tve-froala\">Envoyer<\/button><\/div><\/div><\/div><\/div><\/div><div class=\"tve_lg_input_container tve_clearfix tve_lg_checkbox tcb-lg-consent\"><div class=\"tve_lg_checkbox_wrapper\"><input type=\"checkbox\" name=\"user_consent\" value=\"1\" id=\"tcb-consent-tve-u-16390f49556\" data-required=\"1\"><label for=\"tcb-consent-tve-u-16390f49556\"><span class=\"thrv-inline-text\">Accepter la&nbsp;<a href=\"\/fr\/avis-juridique-et-protection-des-donnees\/\" target=\"_blank\">politique de confidentialit\u00e9<\/a><\/span><\/label><\/div><input type=\"hidden\" name=\"consent_config\" class=\"consent-config\" value=\"YTozOntzOjc6ImVuYWJsZWQiO2I6MTtzOjg6InJlcXVpcmVkIjtiOjE7czoxMToiYWx3YXlzX3NlbmQiO2E6MDp7fX0=\"><\/div><\/div><input id=\"_submit_option\" type=\"hidden\" name=\"_submit_option\" value=\"message\"><input id=\"__tcb_lg_msg\" type=\"hidden\" name=\"__tcb_lg_msg\" value=\"YToyOntzOjU6ImVycm9yIjtzOjY6IkVycm9yISI7czo3OiJzdWNjZXNzIjtzOjUzOiJNdWNoYXMgZ3JhY2lhcyEgTXV5IHByb250byByZWNpYmlyYXMgbnVlc3RybyBib2xldMOtbiI7fQ==\"><input id=\"_sendParams\" type=\"hidden\" name=\"_sendParams\" value=\"\"><input type=\"hidden\" id=\"tve_mapping\" name=\"tve_mapping\" value=\"YTowOnt9\"><input type=\"hidden\" id=\"tve_labels\" name=\"tve_labels\" value=\"YToxOntzOjU6ImVtYWlsIjtzOjE5OiJDb3JyZW8gZWxlY3Ryw7NuaWNvIjt9\"><\/form><\/div><\/div><\/div><\/div><\/div><\/div><\/div><\/div>\n\n              <\/div>\n           <\/div>\n                            \n<style>\n#text-box-691578391 {\n  width: 60%;\n}\n#text-box-691578391 .text-box-content {\n  font-size: 100%;\n}\n<\/style>\n    <\/div>\n \n\n        <\/div>\n      <\/div>\n\n            \n<style>\n#banner-1220309070 {\n  padding-top: 200px;\n  background-color: rgb(255, 255, 255);\n}\n#banner-1220309070 .overlay {\n  background-color: rgba(255,255,255,.5);\n}\n@media (min-width:550px) {\n  #banner-1220309070 {\n    padding-top: 275px;\n  }\n}\n@media (min-width:850px) {\n  #banner-1220309070 {\n    padding-top: 350px;\n  }\n}\n<\/style>\n  <\/div>\n\n\n\t<section class=\"section has-parallax\" id=\"section_1847560827\">\n\t\t<div class=\"bg section-bg fill bg-fill bg-loaded \" data-parallax-container=\".section\" data-parallax-background data-parallax=\"-7\">\n\n\t\t\t\n\t\t\t\n\t\t\t\n\n\t\t<\/div>\n\n\t\t<div class=\"section-content relative\">\n\t\t\t\n\n<div class=\"row row-collapse\"  id=\"row-1204347573\">\n\n\n\t<div id=\"col-266713403\" class=\"col medium-8 small-12 large-8\"  >\n\t\t<div class=\"col-inner\"  >\n\t\t\t\n\t\t\t\n\n<h2><strong>N'hesitez pas \u00e0 nous contacter<\/strong><\/h2>\r\n<strong>Nous travaillons pour vous offrir la meilleure solution pour votre syst\u00e8me d'emballage.<\/strong>\r\n\r\n<div role=\"form\" class=\"wpcf7\" id=\"wpcf7-f1250-o1\" lang=\"es-ES\" dir=\"ltr\">\n<div class=\"screen-reader-response\"><p role=\"status\" aria-live=\"polite\" aria-atomic=\"true\"><\/p> <ul><\/ul><\/div>\n<form action=\"\/fr\/wp-json\/wp\/v2\/pages\/1149#wpcf7-f1250-o1\" method=\"post\" class=\"wpcf7-form init\" novalidate=\"novalidate\" data-status=\"init\">\n<div style=\"display: none;\">\n<input type=\"hidden\" name=\"_wpcf7\" value=\"1250\" \/>\n<input type=\"hidden\" name=\"_wpcf7_version\" value=\"5.4\" \/>\n<input type=\"hidden\" name=\"_wpcf7_locale\" value=\"es_ES\" \/>\n<input type=\"hidden\" name=\"_wpcf7_unit_tag\" value=\"wpcf7-f1250-o1\" \/>\n<input type=\"hidden\" name=\"_wpcf7_container_post\" value=\"0\" \/>\n<input type=\"hidden\" name=\"_wpcf7_posted_data_hash\" value=\"\" \/>\n<input type=\"hidden\" name=\"_wpcf7_recaptcha_response\" value=\"\" \/>\n<\/div>\n<div class=\"flex-row form-flat medium-flex-wrap\">\n<div class=\"flex-col flex-grow\">\n    <span class=\"wpcf7-form-control-wrap nombre\"><input type=\"text\" name=\"nombre\" value=\"\" size=\"40\" class=\"wpcf7-form-control wpcf7-text wpcf7-validates-as-required\" aria-required=\"true\" aria-invalid=\"false\" placeholder=\"Nom\" \/><\/span>\n  <\/div>\n<div class=\"flex-col flex-grow\">\n    <span class=\"wpcf7-form-control-wrap empresa\"><input type=\"text\" name=\"empresa\" value=\"\" size=\"40\" class=\"wpcf7-form-control wpcf7-text wpcf7-validates-as-required\" aria-required=\"true\" aria-invalid=\"false\" placeholder=\"Enterprise\" \/><\/span>\n  <\/div>\n<\/div>\n<div class=\"flex-row form-flat medium-flex-wrap\">\n<div class=\"flex-col flex-grow\">\n    <span class=\"wpcf7-form-control-wrap telefono\"><input type=\"text\" name=\"telefono\" value=\"\" size=\"40\" class=\"wpcf7-form-control wpcf7-text wpcf7-validates-as-required\" aria-required=\"true\" aria-invalid=\"false\" placeholder=\"T\u00e9l\u00e9phone\" \/><\/span>\n  <\/div>\n<div class=\"flex-col flex-grow\">\n    <span class=\"wpcf7-form-control-wrap email\"><input type=\"email\" name=\"email\" value=\"\" size=\"40\" class=\"wpcf7-form-control wpcf7-text wpcf7-email wpcf7-validates-as-required wpcf7-validates-as-email\" aria-required=\"true\" aria-invalid=\"false\" placeholder=\"E-mail\" \/><\/span>\n  <\/div>\n<\/div>\n<div class=\"flex-row form-flat medium-flex-wrap\">\n<div class=\"flex-col flex-grow\">\n    <span class=\"wpcf7-form-control-wrap pais\"><input type=\"text\" name=\"pais\" value=\"\" size=\"40\" class=\"wpcf7-form-control wpcf7-text\" aria-invalid=\"false\" placeholder=\"Pays\" \/><\/span>\n  <\/div>\n<div class=\"flex-col flex-grow\">\n    <span class=\"wpcf7-form-control-wrap consulta\"><select name=\"consulta\" class=\"wpcf7-form-control wpcf7-select wpcf7-validates-as-required\" aria-required=\"true\" aria-invalid=\"false\"><option value=\"\">---<\/option><option value=\"Ventes\">Ventes<\/option><option value=\"Pi\u00e8ces de rechange\">Pi\u00e8ces de rechange<\/option><option value=\"Assistance technique\">Assistance technique<\/option><option value=\"Administration\">Administration<\/option><option value=\"Autre\">Autre<\/option><\/select><\/span>\n  <\/div>\n<\/div>\n<div class=\"flex-row form-flat\">\n<div class=\"flex-col flex-grow\">\n    <span class=\"wpcf7-form-control-wrap mensaje\"><textarea name=\"mensaje\" cols=\"40\" rows=\"10\" class=\"wpcf7-form-control wpcf7-textarea wpcf7-validates-as-required\" aria-required=\"true\" aria-invalid=\"false\" placeholder=\"Comment pouvons-nous vous aider?\"><\/textarea><\/span>\n  <\/div>\n<\/div>\n<div class=\"flex-row form-flat medium-flex-wrap\">\n<div class=\"flex-col flex-grow\">\n    <strong><span class=\"wpcf7-form-control-wrap acceptance-901\"><span class=\"wpcf7-form-control wpcf7-acceptance\"><span class=\"wpcf7-list-item\"><label><input type=\"checkbox\" name=\"acceptance-901\" value=\"1\" aria-invalid=\"false\" \/><span class=\"wpcf7-list-item-label\">Accepter la <a href=\"https:\/\/www.comarme-iberica.com\/fr\/avis-juridique-et-protection-des-donnees\/\" target=\"_blank\">politique de confidentialit\u00e9<\/a><\/span><\/label><\/span><\/span><\/span><\/strong>\n  <\/div>\n<div>\n    <input type=\"submit\" value=\"Envoyer\" class=\"wpcf7-form-control wpcf7-submit\" \/>\n  <\/div>\n<\/div>\n<br \/>\n<div class=\"wpcf7-response-output\" aria-hidden=\"true\"><\/div><\/form><\/div>\r\n\r\n<span style=\"color: #282828; font-size: 60%;\">*Conform\u00e9ment \u00e0 la Loi Organique 15\/1999 sur la Protection des Donn\u00e9es \u00e0 Caract\u00e8re Personnel, nous vous informons que vos donn\u00e9es personnelles ont \u00e9t\u00e9 incluses dans le fichier de l'Administration G\u00e9n\u00e9rale, propri\u00e9t\u00e9 de ATLANTA STRETCH IBERICA, S.L. pour g\u00e9rer la relation commerciale que nous entretenons avec vous, en relation avec nos produits. De m\u00eame, l'utilisateur accepte et consent au traitement automatis\u00e9 de ces derni\u00e8res par ATLANTA STRETCH HIBERICA, S.L., qui garantit que les donn\u00e9es recueillies ne seront pas c\u00e9d\u00e9es \u00e0 des tiers ni utilis\u00e9es \u00e0 des fins commerciales autres que celles pour lesquelles elles ont \u00e9t\u00e9 collect\u00e9es. En en faisant la demande par \u00e9crit, vous pourrez exercer vos droits d'acc\u00e8s, de rectification, d'annulation et d'opposition, en fournissant une photocopie de votre carte d'identit\u00e9.<\/span>\n\n\t\t<\/div>\n\t\t\n<style>\n#col-266713403 > .col-inner {\n  padding: 10px 10px 10px 10px;\n}\n<\/style>\n\t<\/div>\n\n\t\n\n<\/div>\n\n\t\t<\/div>\n\n\t\t\n<style>\n#section_1847560827 {\n  padding-top: 30px;\n  padding-bottom: 30px;\n  background-color: rgb(218, 218, 218);\n}\n#section_1847560827 .section-bg.bg-loaded {\n  background-image: url(https:\/\/www.comarme-iberica.com\/wp-content\/uploads\/2018\/05\/FOTO_FORMULARI.jpg);\n}\n<\/style>\n\t<\/section>\n\t\n","protected":false},"excerpt":{"rendered":"","protected":false},"author":1,"featured_media":0,"parent":1157,"menu_order":0,"comment_status":"closed","ping_status":"closed","template":"page-blank.php","meta":{"footnotes":""},"_links":{"self":[{"href":"https:\/\/www.comarme-iberica.com\/fr\/wp-json\/wp\/v2\/pages\/1149"}],"collection":[{"href":"https:\/\/www.comarme-iberica.com\/fr\/wp-json\/wp\/v2\/pages"}],"about":[{"href":"https:\/\/www.comarme-iberica.com\/fr\/wp-json\/wp\/v2\/types\/page"}],"author":[{"embeddable":true,"href":"https:\/\/www.comarme-iberica.com\/fr\/wp-json\/wp\/v2\/users\/1"}],"replies":[{"embeddable":true,"href":"https:\/\/www.comarme-iberica.com\/fr\/wp-json\/wp\/v2\/comments?post=1149"}],"version-history":[{"count":3,"href":"https:\/\/www.comarme-iberica.com\/fr\/wp-json\/wp\/v2\/pages\/1149\/revisions"}],"predecessor-version":[{"id":1152,"href":"https:\/\/www.comarme-iberica.com\/fr\/wp-json\/wp\/v2\/pages\/1149\/revisions\/1152"}],"up":[{"embeddable":true,"href":"https:\/\/www.comarme-iberica.com\/fr\/wp-json\/wp\/v2\/pages\/1157"}],"wp:attachment":[{"href":"https:\/\/www.comarme-iberica.com\/fr\/wp-json\/wp\/v2\/media?parent=1149"}],"curies":[{"name":"wp","href":"https:\/\/api.w.org\/{rel}","templated":true}]}}