{"id":1161,"date":"2021-09-23T11:30:39","date_gmt":"2021-09-23T09:30:39","guid":{"rendered":"https:\/\/www.comarme-iberica.com\/avis-juridique-et-protection-des-donnees\/"},"modified":"2021-09-23T11:30:40","modified_gmt":"2021-09-23T09:30:40","slug":"avis-juridique-et-protection-des-donnees","status":"publish","type":"page","link":"https:\/\/www.comarme-iberica.com\/fr\/avis-juridique-et-protection-des-donnees\/","title":{"rendered":"AVIS JURIDIQUE ET PROTECTION DES DONN\u00c9ES"},"content":{"rendered":"\t<section class=\"section\" id=\"section_1689015317\">\n\t\t<div class=\"bg section-bg fill bg-fill bg-loaded bg-loaded\" >\n\n\t\t\t\n\t\t\t\n\t\t\t\n\n\t\t<\/div>\n\n\t\t<div class=\"section-content relative\">\n\t\t\t\n<div class=\"row row-collapse\"  id=\"row-432697184\">\n\n\t<div id=\"col-1360417337\" class=\"col small-12 large-12\"  >\n\t\t<div class=\"col-inner\"  >\n\t\t\t\n\t\t\t\n<h2>AVIS JURIDIQUE ET PROTECTION DES DONN\u00c9ES<\/h2>\n<p>Ce site web est la propri\u00e9t\u00e9 d&#8217;ATLANTA STRETCH IBERICA, S.L., et son objectif est de fournir des informations sur l&#8217;activit\u00e9 men\u00e9e par ladite soci\u00e9t\u00e9. L&#8217;acc\u00e8s au site est libre et gratuit pour les utilisateurs.<\/p>\n<p><strong>Conditions d&#8217;utilisation<\/strong><\/p>\n<p>Compte tenu des nombreuses possibilit\u00e9s et des risques li\u00e9s \u00e0 l&#8217;utilisation d&#8217;Internet, nous avons r\u00e9dig\u00e9 le pr\u00e9sent avis juridique contenant les conditions d&#8217;utilisation et d&#8217;acc\u00e8s au site www.atlanta-iberica.com et les responsabilit\u00e9s d\u00e9coulant de son utilisation, tant pour votre protection que pour la n\u00f4tre, que nous vous demandons de comprendre et de prendre en compte.<\/p>\n<p>Il est entendu que l&#8217;acc\u00e8s ou l&#8217;utilisation du site web par l&#8217;utilisateur implique l&#8217;adh\u00e9sion de ce dernier \u00e0 toutes les conditions qu&#8217;ATLANTA STRETCH IBERICA, S.L. a publi\u00e9es sur le site web \u00e0 ce moment-l\u00e0.<\/p>\n<p><strong>Support<\/strong><\/p>\n<p>Le propri\u00e9taire de ce site web est ATLANTA STRETCH IBERICA, S.L., dont le si\u00e8ge social est situ\u00e9 \u00e0 Pol\u00edgono Industrial LES MATALTES, C\/ Industria, 5, 43560 La S\u00e9nia (Tarragone), et le courrier info@altanta-iberica.com avec NIF B55664080, inscrit au Registre du Commerce de Tarragone, Tome 2895 des soci\u00e9t\u00e9s, Folio 67, Page T-48720, 1\u00e8re Inscription.<\/p>\n<p><strong>Propri\u00e9t\u00e9 intellectuelle (droits d&#8217;auteur) et autres droits de protection<\/strong><\/p>\n<p>L&#8217;ensemble du contenu de notre site web est la propri\u00e9t\u00e9 de ATLANTA STRETCH IBERICA, S.L., et sa reproduction totale ou partielle sans l&#8217;autorisation expresse de ATLANTA STRETCH IBERICA, S.L. est strictement interdite.<\/p>\n<p>La reproduction, la copie, l&#8217;utilisation, la distribution, la commercialisation, la communication publique ou toute autre activit\u00e9 pouvant \u00eatre r\u00e9alis\u00e9e avec l&#8217;information contenue dans ce site web et qui est r\u00e9alis\u00e9e sans l&#8217;autorisation expresse d&#8217;ATLANTA STRETCH IBERCA, S.L. et\/ou des propri\u00e9taires des marques, constitue un d\u00e9lit puni par la loi.<\/p>\n<p>Les noms et logos affich\u00e9s sur ce site sont des marques d\u00e9pos\u00e9es, propri\u00e9t\u00e9 de leurs propri\u00e9taires respectifs.<\/p>\n<p>Veuillez noter que toute utilisation abusive de nos droits d&#8217;auteur ou de tout autre droit de protection peut entra\u00eener des poursuites civiles ou p\u00e9nales \u00e0 votre encontre.<\/p>\n<p>www.atlanta-iberica.com est un domaine enregistr\u00e9 par ATLANTA STRETCH IBERICA, S.L. Le domaine de ATLANTA STRETCH IBERICA, S.L. ne peut \u00eatre utilis\u00e9 sans autorisation expresse.<\/p>\n<p><strong>Politique de confidentialit\u00e9 et de protection des donn\u00e9es<\/strong><\/p>\n<p>Aux fins de la Loi Organique 15\/1999, sur la Protection des Donn\u00e9es \u00e0 Caract\u00e8re Personnel, nous vous informons que vos donn\u00e9es personnelles sont confidentielles et feront partie du fichier de l&#8217;Administration G\u00e9n\u00e9rale, propri\u00e9t\u00e9 de ATLANTA STRETCH IBERCIA, S.L., domicili\u00e9e au Pol\u00edgono Industrial LES MATALTES, C\/ Industria, 5, 43560 La S\u00e9nia (Tarragona), dans le but de g\u00e9rer la relation commerciale que nous entretenons avec vous et de vous envoyer des informations susceptibles de vous int\u00e9resser, en relation avec nos produits.<\/p>\n<p><strong>Responsabilit\u00e9s<\/strong><\/p>\n<p>ATLANTA STRETCH IBERICA, S.L. rejette toute responsabilit\u00e9 d\u00e9coulant de la mauvaise utilisation des contenus de ce site web et se r\u00e9serve le droit de les mettre \u00e0 jour, de les supprimer, d&#8217;\u00e9tablir des limitations ou de restreindre leur acc\u00e8s \u00e0 tout moment, de mani\u00e8re temporaire ou permanente, sans pr\u00e9avis.<\/p>\n<p>ATLANTA STRETCH IBERICA, S.L. ne garantit pas la continuit\u00e9 du fonctionnement du site web ni qu&#8217;il sera op\u00e9rationnel et disponible \u00e0 tout moment.<\/p>\n<p>ATLANTA STRETCH IBERICA, S.L. n&#8217;est pas responsable des \u00e9ventuelles erreurs de s\u00e9curit\u00e9 qui peuvent se produire en raison de l&#8217;utilisation d&#8217;ordinateurs infect\u00e9s par des virus informatiques ou des cons\u00e9quences qui peuvent d\u00e9couler du mauvais fonctionnement du navigateur ou de l&#8217;utilisation de versions non mises \u00e0 jour de celui-ci.<\/p>\n<p><strong>Obligations<\/strong><\/p>\n<p>L&#8217;utilisateur sera responsable des dommages et int\u00e9r\u00eats que ATLANTA STRETCH IBERCA, S.L. pourrait subir en cons\u00e9quence du non-respect de l&#8217;une des obligations \u00e9tablies dans le pr\u00e9sent avis l\u00e9gal.<\/p>\n<p>En ce qui concerne la navigation, l&#8217;utilisateur s&#8217;engage \u00e0 respecter avec diligence et fid\u00e9lit\u00e9 les recommandations \u00e9tablies de temps \u00e0 autre par ATLANTA STRETCH IBERICA, S.L. concernant l&#8217;utilisation du site. \u00c0 cette fin, ATLANTA STRETCH IBERICA, S.L. contactera les utilisateurs par tout moyen de communication \u00e0 travers le site web.<\/p>\n\t\t<\/div>\n\t\t\t<\/div>\n\n\t\n<\/div>\n\t\t<\/div>\n\n\t\t\n<style>\n#section_1689015317 {\n  padding-top: 30px;\n  padding-bottom: 30px;\n}\n<\/style>\n\t<\/section>\n\t\n\n\t<script type=\"text\/javascript\">\n  jQuery( document ).ready(function() {\n    function initialize() {\n        var styles = {\n            'flatsome':  [{\n            \"featureType\": \"administrative\",\n            \"stylers\": [\n              { \"visibility\": \"on\" }\n            ]\n          },\n          {\n            \"featureType\": \"road\",\n            \"stylers\": [\n              { \"visibility\": \"on\" },\n              { \"hue\": \"\" }\n            ]\n          },\n          {\n            \"stylers\": [\n\t\t\t  { \"visibility\": \"on\" },\n\t\t\t  { \"hue\": \"\" },\n\t\t\t  { \"saturation\": -30 }\n            ]\n          }\n        ]};\n\n        var myLatlng = new google.maps.LatLng(40.63932, 0.33477);\n        var myOptions = {\n            zoom: 15,\n            center: myLatlng,\n            mapTypeId: google.maps.MapTypeId.ROADMAP,\n            disableDefaultUI: true,\n            mapTypeId: 'flatsome',\n            draggable: true,\n            zoomControl: true,\n            zoomControlOptions: {\n              position: google.maps.ControlPosition.TOP_LEFT\n            },\n      \t\t\t\/\/ panControl: true,\n            \/\/ panControlOptions: {\n            \/\/   position: google.maps.ControlPosition.TOP_LEFT\n            \/\/ },\n      \t\t\tmapTypeControl: true,\n            mapTypeControlOptions: {\n              position: google.maps.ControlPosition.TOP_LEFT\n            },\n      \t\t\t\/\/ scaleControl: true,\n            \/\/ scaleControlOptions: {\n            \/\/   position: google.maps.ControlPosition.TOP_LEFT\n            \/\/ },\n      \t\t\tstreetViewControl: true,\n            streetViewControlOptions: {\n              position: google.maps.ControlPosition.TOP_LEFT\n            },\n      \t\t\t\/\/ overviewMapControl: true,\n            \/\/ overviewMapControlOptions: {\n            \/\/   position: google.maps.ControlPosition.TOP_LEFT\n            \/\/ },\n            scrollwheel: false,\n            disableDoubleClickZoom: true\n        }\n        var map = new google.maps.Map(document.getElementById(\"map-1971958579-inner\"), myOptions);\n        var styledMapType = new google.maps.StyledMapType(styles['flatsome'], {name: 'flatsome'});\n        map.mapTypes.set('flatsome', styledMapType);\n\n        var marker = new google.maps.Marker({\n            position: myLatlng,\n            map: map,\n            title:\"\"\n        });\n    }\n\n    \/\/ Required to proceed\n    if (!(typeof google === 'object' && typeof google.maps === 'object')) {\n      return\n    }\n\n    initialize()\n    google.maps.event.addDomListener(window, 'resize', initialize);\n    });\n    <\/script>\n\n    <div class=\"google-map relative mb\" id=\"map-1971958579\">\n        <div class=\"map-height\" id=\"map-1971958579-inner\"><\/div>\n        <div id=\"map_overlay_top\"><\/div>\n        <div id=\"map_overlay_bottom\"><\/div>\n         \n       \n<style>\n#map-1971958579 .map-inner {\n  background-color: rgba(255, 255, 255, 0.81);\n  max-width: 100%;\n}\n#map-1971958579 .map-height {\n  height: 400px;\n}\n@media (min-width:550px) {\n  #map-1971958579 .map-inner {\n    max-width: 40%;\n  }\n}\n@media (min-width:850px) {\n  #map-1971958579 .map-inner {\n    max-width: 41%;\n  }\n}\n<\/style>\n    <\/div>\n\n\t\n\n  <div class=\"banner has-hover\" id=\"banner-39873140\">\n          <div class=\"banner-inner fill\">\n        <div class=\"banner-bg fill\" >\n            <div class=\"bg fill bg-fill bg-loaded\"><\/div>\n                        <div class=\"overlay\"><\/div>            \n                    <\/div>\n        <div class=\"banner-layers container\">\n            <div class=\"fill banner-link\"><\/div>            \n\n   <div id=\"text-box-2113751121\" class=\"text-box banner-layer x50 md-x50 lg-x50 y50 md-y50 lg-y50 res-text\">\n                                <div class=\"text-box-content text \">\n              \n              <div class=\"text-inner text-center\">\n                  \n\n<div class=\"tve-leads-shortcode tve-leads-triggered tve-tl-anim tl-anim-instant tve-leads-track-shortcode_1258\"><div class=\"tl-style\" id=\"tve_tcb2_blank\" data-state=\"3\" data-form-state=\"\"><style type=\"text\/css\" class=\"tve_custom_style\">@media (min-width: 300px){[data-css=\"tve-u-25b0663d952963\"] { color: rgb(0, 0, 0) !important; }:not(#tve) [data-css=\"tve-u-15b0663d95292a\"] { color: rgb(0, 0, 0) !important; }:not(#tve) [data-css=\"tve-u-45b0663d9529d6\"] input { padding-bottom: 7px !important; padding-top: 7px !important; }:not(#tve) [data-css=\"tve-u-65b0663d952a49\"] button { padding-bottom: 0px !important; margin-bottom: 10px !important; padding-top: 0px !important; background-color: rgb(0, 134, 40) !important; }[data-css=\"tve-u-55b0663d952a10\"] { max-width: 25%; }[data-css=\"tve-u-35b0663d95299d\"] { max-width: 75%; }[data-css=\"tve-u-05b0663d9528ee\"] { background-image: none !important; background-color: rgba(222, 222, 222, 0) !important; }[data-css=\"tve-u-17ca7267d77\"] { text-transform: uppercase !important; }}<\/style><style type=\"text\/css\" class=\"tve_user_custom_style\">.tve-leads-conversion-object .thrv_heading h1,.tve-leads-conversion-object .thrv_heading h2,.tve-leads-conversion-object .thrv_heading h3{margin:0;padding:0}.tve-leads-conversion-object .thrv_text_element p,.tve-leads-conversion-object .thrv_text_element h1,.tve-leads-conversion-object .thrv_text_element h2,.tve-leads-conversion-object .thrv_text_element h3{margin:0}<\/style><div class=\"tve-leads-conversion-object\" data-tl-type=\"shortcode_1258\"><div class=\"tve_flt\"><div id=\"tve_editor\" class=\"tve_shortcode_editor\"><div class=\"thrv-leads-form-box tve_no_drag tve_no_icons thrv_wrapper tve_editor_main_content tve_empty_dropzone\" data-css=\"tve-u-05b0663d9528ee\"><div class=\"thrv_wrapper thrv_text_element tve_empty_dropzone\"><h2 data-css=\"tve-u-15b0663d95292a\" style=\"text-align: center;\" class=\"\"><strong><span style=\"text-transform: uppercase;\" data-css=\"tve-u-17ca7267d77\">Inscrivez-vous \u00e0 notre newsletter<\/span><\/strong><\/h2><p style=\"text-align: center;\"><span data-css=\"tve-u-25b0663d952963\" style=\"color: rgb(0, 0, 0);\">Soyez les premiers \u00e0 recevoir des nouvelles et des mises \u00e0 jour de&nbsp;<\/span><span data-text-color=\"primary\"><strong>COMARME IB\u00c9RICA<\/strong><\/span><\/p><\/div><div class=\"thrv_wrapper thrv_lead_generation\" data-connection=\"api\" style=\"\" data-settings-id=\"1259\"><input type=\"hidden\" class=\"tve-lg-err-msg\" value=\"{&quot;email&quot;:&quot;Email address invalid&quot;,&quot;phone&quot;:&quot;Phone number invalid&quot;,&quot;password&quot;:&quot;Password invalid&quot;,&quot;passwordmismatch&quot;:&quot;Password mismatch error&quot;,&quot;required&quot;:&quot;Required field missing&quot;}\"><div class=\"thrv_lead_generation_container tve_clearfix\"><form action=\"#\" method=\"post\" novalidate=\"novalidate\" autocomplete=\"new-password\"><div class=\"tve_lead_generated_inputs_container tve_clearfix tve_empty_dropzone\"><div class=\"thrv_wrapper thrv-columns\" style=\"--tcb-col-el-width:758;\"><div class=\"tcb-flex-row tcb--cols--2 tcb-resized\"><div class=\"tcb-flex-col\" data-css=\"tve-u-35b0663d95299d\" style=\"\"><div class=\"tcb-col tve_empty_dropzone\"><div class=\"tve_lg_input_container tve_lg_input\" data-css=\"tve-u-45b0663d9529d6\"><input type=\"email\" data-field=\"email\" data-required=\"1\" data-validation=\"email\" name=\"email\" placeholder=\"E-mail\" data-placeholder=\"E-mail\" class=\"\"><\/div><\/div><\/div><div class=\"tcb-flex-col\" data-css=\"tve-u-55b0663d952a10\" style=\"\"><div class=\"tcb-col tve_empty_dropzone\"><div class=\"tve_lg_input_container tve_submit_container tve_lg_submit\" data-css=\"tve-u-65b0663d952a49\" data-button-style=\"\"><button type=\"submit\" class=\"tve-froala\">Envoyer<\/button><\/div><\/div><\/div><\/div><\/div><div class=\"tve_lg_input_container tve_clearfix tve_lg_checkbox tcb-lg-consent\"><div class=\"tve_lg_checkbox_wrapper\"><input type=\"checkbox\" name=\"user_consent\" value=\"1\" id=\"tcb-consent-tve-u-16390f49556\" data-required=\"1\"><label for=\"tcb-consent-tve-u-16390f49556\"><span class=\"thrv-inline-text\">Accepter la&nbsp;<a href=\"\/fr\/avis-juridique-et-protection-des-donnees\/\" target=\"_blank\">politique de confidentialit\u00e9<\/a><\/span><\/label><\/div><input type=\"hidden\" name=\"consent_config\" class=\"consent-config\" value=\"YTozOntzOjc6ImVuYWJsZWQiO2I6MTtzOjg6InJlcXVpcmVkIjtiOjE7czoxMToiYWx3YXlzX3NlbmQiO2E6MDp7fX0=\"><\/div><\/div><input id=\"_submit_option\" type=\"hidden\" name=\"_submit_option\" value=\"message\"><input id=\"__tcb_lg_msg\" type=\"hidden\" name=\"__tcb_lg_msg\" value=\"YToyOntzOjU6ImVycm9yIjtzOjY6IkVycm9yISI7czo3OiJzdWNjZXNzIjtzOjUzOiJNdWNoYXMgZ3JhY2lhcyEgTXV5IHByb250byByZWNpYmlyYXMgbnVlc3RybyBib2xldMOtbiI7fQ==\"><input id=\"_sendParams\" type=\"hidden\" name=\"_sendParams\" value=\"\"><input type=\"hidden\" id=\"tve_mapping\" name=\"tve_mapping\" value=\"YTowOnt9\"><input type=\"hidden\" id=\"tve_labels\" name=\"tve_labels\" value=\"YToxOntzOjU6ImVtYWlsIjtzOjE5OiJDb3JyZW8gZWxlY3Ryw7NuaWNvIjt9\"><\/form><\/div><\/div><\/div><\/div><\/div><\/div><\/div><\/div>\n\n              <\/div>\n           <\/div>\n                            \n<style>\n#text-box-2113751121 {\n  width: 60%;\n}\n#text-box-2113751121 .text-box-content {\n  font-size: 100%;\n}\n<\/style>\n    <\/div>\n \n\n        <\/div>\n      <\/div>\n\n            \n<style>\n#banner-39873140 {\n  padding-top: 200px;\n  background-color: rgb(255, 255, 255);\n}\n#banner-39873140 .overlay {\n  background-color: rgba(255,255,255,.5);\n}\n@media (min-width:550px) {\n  #banner-39873140 {\n    padding-top: 275px;\n  }\n}\n@media (min-width:850px) {\n  #banner-39873140 {\n    padding-top: 350px;\n  }\n}\n<\/style>\n  <\/div>\n\n\n\t<section class=\"section has-parallax\" id=\"section_2011605005\">\n\t\t<div class=\"bg section-bg fill bg-fill bg-loaded \" data-parallax-container=\".section\" data-parallax-background data-parallax=\"-7\">\n\n\t\t\t\n\t\t\t\n\t\t\t\n\n\t\t<\/div>\n\n\t\t<div class=\"section-content relative\">\n\t\t\t\n\n<div class=\"row row-collapse\"  id=\"row-1164904041\">\n\n\n\t<div id=\"col-747182552\" class=\"col medium-8 small-12 large-8\"  >\n\t\t<div class=\"col-inner\"  >\n\t\t\t\n\t\t\t\n\n<h2><strong>N'hesitez pas \u00e0 nous contacter<\/strong><\/h2>\r\n<strong>Nous travaillons pour vous offrir la meilleure solution pour votre syst\u00e8me d'emballage.<\/strong>\r\n\r\n<div role=\"form\" class=\"wpcf7\" id=\"wpcf7-f1250-o1\" lang=\"es-ES\" dir=\"ltr\">\n<div class=\"screen-reader-response\"><p role=\"status\" aria-live=\"polite\" aria-atomic=\"true\"><\/p> <ul><\/ul><\/div>\n<form action=\"\/fr\/wp-json\/wp\/v2\/pages\/1161#wpcf7-f1250-o1\" method=\"post\" class=\"wpcf7-form init\" novalidate=\"novalidate\" data-status=\"init\">\n<div style=\"display: none;\">\n<input type=\"hidden\" name=\"_wpcf7\" value=\"1250\" \/>\n<input type=\"hidden\" name=\"_wpcf7_version\" value=\"5.4\" \/>\n<input type=\"hidden\" name=\"_wpcf7_locale\" value=\"es_ES\" \/>\n<input type=\"hidden\" name=\"_wpcf7_unit_tag\" value=\"wpcf7-f1250-o1\" \/>\n<input type=\"hidden\" name=\"_wpcf7_container_post\" value=\"0\" \/>\n<input type=\"hidden\" name=\"_wpcf7_posted_data_hash\" value=\"\" \/>\n<input type=\"hidden\" name=\"_wpcf7_recaptcha_response\" value=\"\" \/>\n<\/div>\n<div class=\"flex-row form-flat medium-flex-wrap\">\n<div class=\"flex-col flex-grow\">\n    <span class=\"wpcf7-form-control-wrap nombre\"><input type=\"text\" name=\"nombre\" value=\"\" size=\"40\" class=\"wpcf7-form-control wpcf7-text wpcf7-validates-as-required\" aria-required=\"true\" aria-invalid=\"false\" placeholder=\"Nom\" \/><\/span>\n  <\/div>\n<div class=\"flex-col flex-grow\">\n    <span class=\"wpcf7-form-control-wrap empresa\"><input type=\"text\" name=\"empresa\" value=\"\" size=\"40\" class=\"wpcf7-form-control wpcf7-text wpcf7-validates-as-required\" aria-required=\"true\" aria-invalid=\"false\" placeholder=\"Enterprise\" \/><\/span>\n  <\/div>\n<\/div>\n<div class=\"flex-row form-flat medium-flex-wrap\">\n<div class=\"flex-col flex-grow\">\n    <span class=\"wpcf7-form-control-wrap telefono\"><input type=\"text\" name=\"telefono\" value=\"\" size=\"40\" class=\"wpcf7-form-control wpcf7-text wpcf7-validates-as-required\" aria-required=\"true\" aria-invalid=\"false\" placeholder=\"T\u00e9l\u00e9phone\" \/><\/span>\n  <\/div>\n<div class=\"flex-col flex-grow\">\n    <span class=\"wpcf7-form-control-wrap email\"><input type=\"email\" name=\"email\" value=\"\" size=\"40\" class=\"wpcf7-form-control wpcf7-text wpcf7-email wpcf7-validates-as-required wpcf7-validates-as-email\" aria-required=\"true\" aria-invalid=\"false\" placeholder=\"E-mail\" \/><\/span>\n  <\/div>\n<\/div>\n<div class=\"flex-row form-flat medium-flex-wrap\">\n<div class=\"flex-col flex-grow\">\n    <span class=\"wpcf7-form-control-wrap pais\"><input type=\"text\" name=\"pais\" value=\"\" size=\"40\" class=\"wpcf7-form-control wpcf7-text\" aria-invalid=\"false\" placeholder=\"Pays\" \/><\/span>\n  <\/div>\n<div class=\"flex-col flex-grow\">\n    <span class=\"wpcf7-form-control-wrap consulta\"><select name=\"consulta\" class=\"wpcf7-form-control wpcf7-select wpcf7-validates-as-required\" aria-required=\"true\" aria-invalid=\"false\"><option value=\"\">---<\/option><option value=\"Ventes\">Ventes<\/option><option value=\"Pi\u00e8ces de rechange\">Pi\u00e8ces de rechange<\/option><option value=\"Assistance technique\">Assistance technique<\/option><option value=\"Administration\">Administration<\/option><option value=\"Autre\">Autre<\/option><\/select><\/span>\n  <\/div>\n<\/div>\n<div class=\"flex-row form-flat\">\n<div class=\"flex-col flex-grow\">\n    <span class=\"wpcf7-form-control-wrap mensaje\"><textarea name=\"mensaje\" cols=\"40\" rows=\"10\" class=\"wpcf7-form-control wpcf7-textarea wpcf7-validates-as-required\" aria-required=\"true\" aria-invalid=\"false\" placeholder=\"Comment pouvons-nous vous aider?\"><\/textarea><\/span>\n  <\/div>\n<\/div>\n<div class=\"flex-row form-flat medium-flex-wrap\">\n<div class=\"flex-col flex-grow\">\n    <strong><span class=\"wpcf7-form-control-wrap acceptance-901\"><span class=\"wpcf7-form-control wpcf7-acceptance\"><span class=\"wpcf7-list-item\"><label><input type=\"checkbox\" name=\"acceptance-901\" value=\"1\" aria-invalid=\"false\" \/><span class=\"wpcf7-list-item-label\">Accepter la <a href=\"https:\/\/www.comarme-iberica.com\/fr\/avis-juridique-et-protection-des-donnees\/\" target=\"_blank\">politique de confidentialit\u00e9<\/a><\/span><\/label><\/span><\/span><\/span><\/strong>\n  <\/div>\n<div>\n    <input type=\"submit\" value=\"Envoyer\" class=\"wpcf7-form-control wpcf7-submit\" \/>\n  <\/div>\n<\/div>\n<br \/>\n<div class=\"wpcf7-response-output\" aria-hidden=\"true\"><\/div><\/form><\/div>\r\n\r\n<span style=\"color: #282828; font-size: 60%;\">*Conform\u00e9ment \u00e0 la Loi Organique 15\/1999 sur la Protection des Donn\u00e9es \u00e0 Caract\u00e8re Personnel, nous vous informons que vos donn\u00e9es personnelles ont \u00e9t\u00e9 incluses dans le fichier de l'Administration G\u00e9n\u00e9rale, propri\u00e9t\u00e9 de ATLANTA STRETCH IBERICA, S.L. pour g\u00e9rer la relation commerciale que nous entretenons avec vous, en relation avec nos produits. De m\u00eame, l'utilisateur accepte et consent au traitement automatis\u00e9 de ces derni\u00e8res par ATLANTA STRETCH HIBERICA, S.L., qui garantit que les donn\u00e9es recueillies ne seront pas c\u00e9d\u00e9es \u00e0 des tiers ni utilis\u00e9es \u00e0 des fins commerciales autres que celles pour lesquelles elles ont \u00e9t\u00e9 collect\u00e9es. En en faisant la demande par \u00e9crit, vous pourrez exercer vos droits d'acc\u00e8s, de rectification, d'annulation et d'opposition, en fournissant une photocopie de votre carte d'identit\u00e9.<\/span>\n\n\t\t<\/div>\n\t\t\n<style>\n#col-747182552 > .col-inner {\n  padding: 10px 10px 10px 10px;\n}\n<\/style>\n\t<\/div>\n\n\t\n\n<\/div>\n\n\t\t<\/div>\n\n\t\t\n<style>\n#section_2011605005 {\n  padding-top: 30px;\n  padding-bottom: 30px;\n  background-color: rgb(218, 218, 218);\n}\n#section_2011605005 .section-bg.bg-loaded {\n  background-image: url(https:\/\/www.comarme-iberica.com\/wp-content\/uploads\/2018\/05\/FOTO_FORMULARI.jpg);\n}\n<\/style>\n\t<\/section>\n\t\n","protected":false},"excerpt":{"rendered":"","protected":false},"author":1,"featured_media":0,"parent":0,"menu_order":0,"comment_status":"closed","ping_status":"closed","template":"page-blank.php","meta":{"footnotes":""},"_links":{"self":[{"href":"https:\/\/www.comarme-iberica.com\/fr\/wp-json\/wp\/v2\/pages\/1161"}],"collection":[{"href":"https:\/\/www.comarme-iberica.com\/fr\/wp-json\/wp\/v2\/pages"}],"about":[{"href":"https:\/\/www.comarme-iberica.com\/fr\/wp-json\/wp\/v2\/types\/page"}],"author":[{"embeddable":true,"href":"https:\/\/www.comarme-iberica.com\/fr\/wp-json\/wp\/v2\/users\/1"}],"replies":[{"embeddable":true,"href":"https:\/\/www.comarme-iberica.com\/fr\/wp-json\/wp\/v2\/comments?post=1161"}],"version-history":[{"count":2,"href":"https:\/\/www.comarme-iberica.com\/fr\/wp-json\/wp\/v2\/pages\/1161\/revisions"}],"predecessor-version":[{"id":1163,"href":"https:\/\/www.comarme-iberica.com\/fr\/wp-json\/wp\/v2\/pages\/1161\/revisions\/1163"}],"wp:attachment":[{"href":"https:\/\/www.comarme-iberica.com\/fr\/wp-json\/wp\/v2\/media?parent=1161"}],"curies":[{"name":"wp","href":"https:\/\/api.w.org\/{rel}","templated":true}]}}