{"id":1164,"date":"2020-04-23T09:23:13","date_gmt":"2020-04-23T07:23:13","guid":{"rendered":"https:\/\/www.comarme-iberica.com\/product\/formeuse-de-caisses-en-carton-f1000\/"},"modified":"2021-09-23T11:55:32","modified_gmt":"2021-09-23T09:55:32","slug":"formeuse-de-caisses-en-carton-f1000","status":"publish","type":"product","link":"https:\/\/www.comarme-iberica.com\/fr\/product\/formeuse-de-caisses-en-carton-f1000\/","title":{"rendered":"Formeuse de caisses en carton \u2013 F1000"},"content":{"rendered":"<p>La formeuse de caisses en carton F1000 garantit rendement et qualit\u00e9 en mati\u00e8re de formation des caisses en carton sur toute fin de chaine. La versatilit\u00e9 de cette machine permet une production moyenne de plus de 700 caisses par heure avec une r\u00e9serve de jusqu\u2019\u00e0 10 caisses pr\u00e9par\u00e9es \u00e0 \u00eatre form\u00e9e. De plus, elle dispose d\u2019accessoires en option permettant un entrep\u00f4t motoris\u00e9 \u00e9largissant jusqu\u2019\u00e0 270 caisses.<\/p>\n<h3><strong>Une formeuse avec toutes les garanties<\/strong><\/h3>\n<p>La F1000 est une machine versatile disponible \u00e9galement en acier inoxydable. Disposer d\u2019une formeuse de caisses en carton en acier inoxydable dans une usine, fabrique ou entrep\u00f4t, permet d\u2019adapter la production \u00e0 la normative en vigueur. L\u2019inox est obligatoire dans de nombreuses industries et secteurs exigeant un nettoyage \u00e0 fond des machines, en plus d\u2019assurer la salubrit\u00e9 de vos installations. De ce fait, cette F1000 peut \u00e9galement \u00eatre fabriqu\u00e9e dans ce type de mat\u00e9riau.<\/p>\n<h3><strong>Les options<\/strong><\/h3>\n<p>La machine peut s\u2019adapter \u00e0 tout type de besoin.<\/p>\n<ul>\n<li>PLC avec panneau \u00e0 \u00e9cran tactile.<\/li>\n<li>Roues avec frein.<\/li>\n<li>R\u00e9serve motoris\u00e9e avec une capacit\u00e9 de jusqu\u2019\u00e0 270 caisses.<\/li>\n<\/ul>\n<p>La F1000 est totalement compatible avec la scelleuse de fonds de caisse GEMB52, parfaite pour sceller les caisses une fois form\u00e9es. De cette fa\u00e7on, une ligne compl\u00e8te de caisses form\u00e9es et scell\u00e9es est obtenue de fa\u00e7on totalement autonome.<\/p>\n<h3><strong>Des solutions pour votre fin de chaine\u00a0?<\/strong><\/h3>\n<p>L\u2019\u00e9quipe, d\u2019ing\u00e9nieurs et designers, de Comarme Ib\u00e9rica peut adapter quelque machine que ce soit \u00e0 une ligne d\u00e9j\u00e0 existante ou m\u00eame cr\u00e9er un projet \u00e0 partir de z\u00e9ro.<\/p>\n","protected":false},"excerpt":{"rendered":"<p>La formeuse de caisses en carton F1000 garantit rendement et qualit\u00e9 en mati\u00e8re de formation des caisses en carton sur toute fin de chaine. La versatilit\u00e9 de cette machine permet une production moyenne de plus de 700 caisses par heure avec une r\u00e9serve de jusqu\u2019\u00e0 10 caisses pr\u00e9par\u00e9es \u00e0 \u00eatre form\u00e9e. De plus, elle dispose d\u2019accessoires en option permettant un entrep\u00f4t motoris\u00e9 \u00e9largissant jusqu\u2019\u00e0 270 caisses.<\/p>\n<h3><strong>Une formeuse avec toutes les garanties<\/strong><\/h3>\n<p>La F1000 est une machine versatile disponible \u00e9galement en acier inoxydable. Disposer d\u2019une formeuse de caisses en carton en acier inoxydable dans une usine, fabrique ou entrep\u00f4t, permet d\u2019adapter la production \u00e0 la normative en vigueur. L\u2019inox est obligatoire dans de nombreuses industries et secteurs exigeant un nettoyage \u00e0 fond des machines, en plus d\u2019assurer la salubrit\u00e9 de vos installations. De ce fait, cette F1000 peut \u00e9galement \u00eatre fabriqu\u00e9e dans ce type de mat\u00e9riau.<\/p>\n<h3><strong>Les options<\/strong><\/h3>\n<p>La machine peut s\u2019adapter \u00e0 tout type de besoin.<\/p>\n<ul>\n<li>PLC avec panneau \u00e0 \u00e9cran tactile.<\/li>\n<li>Roues avec frein.<\/li>\n<li>R\u00e9serve motoris\u00e9e avec une capacit\u00e9 de jusqu\u2019\u00e0 270 caisses.<\/li>\n<\/ul>\n<p>La F1000 est totalement compatible avec la scelleuse de fonds de caisse GEMB52, parfaite pour sceller les caisses une fois form\u00e9es. De cette fa\u00e7on, une ligne compl\u00e8te de caisses form\u00e9es et scell\u00e9es est obtenue de fa\u00e7on totalement autonome.<\/p>\n<h3><strong>Des solutions pour votre fin de chaine\u00a0?<\/strong><\/h3>\n<p>L\u2019\u00e9quipe, d\u2019ing\u00e9nieurs et designers, de Comarme Ib\u00e9rica peut adapter quelque machine que ce soit \u00e0 une ligne d\u00e9j\u00e0 existante ou m\u00eame cr\u00e9er un projet \u00e0 partir de z\u00e9ro.<\/p>\n","protected":false},"featured_media":1089,"template":"","meta":[],"_links":{"self":[{"href":"https:\/\/www.comarme-iberica.com\/fr\/wp-json\/wp\/v2\/product\/1164"}],"collection":[{"href":"https:\/\/www.comarme-iberica.com\/fr\/wp-json\/wp\/v2\/product"}],"about":[{"href":"https:\/\/www.comarme-iberica.com\/fr\/wp-json\/wp\/v2\/types\/product"}],"wp:featuredmedia":[{"embeddable":true,"href":"https:\/\/www.comarme-iberica.com\/fr\/wp-json\/wp\/v2\/media\/1089"}],"wp:attachment":[{"href":"https:\/\/www.comarme-iberica.com\/fr\/wp-json\/wp\/v2\/media?parent=1164"}],"curies":[{"name":"wp","href":"https:\/\/api.w.org\/{rel}","templated":true}]}}