{"id":1169,"date":"2018-05-15T08:29:57","date_gmt":"2018-05-15T06:29:57","guid":{"rendered":"https:\/\/www.comarme-iberica.com\/product\/formeuse-packpoint-520-670\/"},"modified":"2018-05-15T08:29:57","modified_gmt":"2018-05-15T06:29:57","slug":"formeuse-packpoint-520-670","status":"publish","type":"product","link":"https:\/\/www.comarme-iberica.com\/fr\/product\/formeuse-packpoint-520-670\/","title":{"rendered":"Formeuse \u2013 PackPoint 520\/670"},"content":{"rendered":"<p>La Formeuse Pack Point 520\/670 est une garantie pour vos caisses en carton au moment du remplissage. La formation semi-automatique des caisses est le premier pas vers une ligne de scellage de grande qualit\u00e9. Les semi-automatiques 520 et 670 de PackPoint effectuent le pliage des rabats inf\u00e9rieurs de fa\u00e7on automatique et bloquent la caisse dans cette position. Ainsi, il est possible d\u2019obtenir un meilleur rendement dans la manipulation.<\/p>\n<h3>Une formeuse pour un remplissage facile<\/h3>\n<p>L\u2019objectif de la gamme PackPoint est de cr\u00e9er un point de format commode et efficient. Il est ainsi possible de remplir des caisses de fa\u00e7on simple et de les d\u00e9placer jusqu\u2019\u00e0 une station de scellage automatique. Les PackPoint tant 520 que 670 permettent de combiner les scelleuses\u00a0<a href=\"https:\/\/www.comarme-iberica.com\/fr\/product\/scelleuses-gem-520-gem-670-gem-820\/\">GEM B520 et 670.<\/a>Cette versatilit\u00e9 fait des Pack Point des machines indispensables pour maintenir une cadence optimale de formage dans l\u2019entrep\u00f4t.<\/p>\n<p>La dimension des caisses d\u00e9termine le mod\u00e8le que le client requiert. Ainsi, la PP520 atteint des maximums de 700 mm de longueur, 5 820 mm de largeur et 520 mm de profondeur. Si vous avez besoin de plus de capacit\u00e9, la PP670 offre des capacit\u00e9s de jusqu\u2019\u00e0 800 mm de long et 670 mm de largeur et profondeur.<\/p>\n","protected":false},"excerpt":{"rendered":"<p>La Formeuse Pack Point 520\/670 est une garantie pour vos caisses en carton au moment du remplissage. La formation semi-automatique des caisses est le premier pas vers une ligne de scellage de grande qualit\u00e9. Les semi-automatiques 520 et 670 de PackPoint effectuent le pliage des rabats inf\u00e9rieurs de fa\u00e7on automatique et bloquent la caisse dans cette position. Ainsi, il est possible d\u2019obtenir un meilleur rendement dans la manipulation.<\/p>\n<h3>Une formeuse pour un remplissage facile<\/h3>\n<p>L\u2019objectif de la gamme PackPoint est de cr\u00e9er un point de format commode et efficient. Il est ainsi possible de remplir des caisses de fa\u00e7on simple et de les d\u00e9placer jusqu\u2019\u00e0 une station de scellage automatique. Les PackPoint tant 520 que 670 permettent de combiner les scelleuses\u00a0<a href=\"https:\/\/www.comarme-iberica.com\/product\/precintadoras-gem-520\/\">GEM B520 et 670.<\/a>Cette versatilit\u00e9 fait des Pack Point des machines indispensables pour maintenir une cadence optimale de formage dans l\u2019entrep\u00f4t.<\/p>\n<p>La dimension des caisses d\u00e9termine le mod\u00e8le que le client requiert. Ainsi, la PP520 atteint des maximums de 700 mm de longueur, 5 820 mm de largeur et 520 mm de profondeur. Si vous avez besoin de plus de capacit\u00e9, la PP670 offre des capacit\u00e9s de jusqu\u2019\u00e0 800 mm de long et 670 mm de largeur et profondeur.<\/p>\n","protected":false},"featured_media":1043,"template":"","meta":[],"_links":{"self":[{"href":"https:\/\/www.comarme-iberica.com\/fr\/wp-json\/wp\/v2\/product\/1169"}],"collection":[{"href":"https:\/\/www.comarme-iberica.com\/fr\/wp-json\/wp\/v2\/product"}],"about":[{"href":"https:\/\/www.comarme-iberica.com\/fr\/wp-json\/wp\/v2\/types\/product"}],"wp:featuredmedia":[{"embeddable":true,"href":"https:\/\/www.comarme-iberica.com\/fr\/wp-json\/wp\/v2\/media\/1043"}],"wp:attachment":[{"href":"https:\/\/www.comarme-iberica.com\/fr\/wp-json\/wp\/v2\/media?parent=1169"}],"curies":[{"name":"wp","href":"https:\/\/api.w.org\/{rel}","templated":true}]}}