{"id":1170,"date":"2018-05-15T06:40:06","date_gmt":"2018-05-15T04:40:06","guid":{"rendered":"https:\/\/www.comarme-iberica.com\/product\/formeuse-de-caisses-packpoint-08\/"},"modified":"2018-05-15T06:40:06","modified_gmt":"2018-05-15T04:40:06","slug":"formeuse-de-caisses-packpoint-08","status":"publish","type":"product","link":"https:\/\/www.comarme-iberica.com\/fr\/product\/formeuse-de-caisses-packpoint-08\/","title":{"rendered":"Formeuse de caisses \u2013 PackPoint 08"},"content":{"rendered":"<p>La PackPoint 08 est une formeuse de caisses en carton semi-automatique. Cette machine permet \u00e0 l\u2019op\u00e9rateur de former des caisses en carton rapidement et efficacement. Le syst\u00e8me aide \u00e0 plier les caisses depuis la partie inf\u00e9rieure et\/ou sup\u00e9rieure avant des passer par la scelleuse qui ach\u00e8vera le processus.<\/p>\n<h3>Une formeuse tr\u00e8s commode<\/h3>\n<p>Les dimensions de la PackPoint 08 en font une bonne alli\u00e9e pour votre fin de chaine. Le personnel de l\u2019entrep\u00f4t introduira la caisse en position inclin\u00e9e afin que la partie sup\u00e9rieure soit pli\u00e9e, et une fois form\u00e9e le remplissage pourra commencer. Les commandes pneumatiques de la machine finiront de situer la caisse pour que, finalement, elle soit scell\u00e9e et pr\u00eate pour \u00eatre palettis\u00e9e.<\/p>\n<p>Chez Comarme, nous travaillons avec tout type de secteurs et de ce fait l\u2019exigence des normatives d\u2019industries comme la bouch\u00e8re, l\u2019alimentaire ou la pharmaceutique, nous m\u00e8nent \u00e0 offrir de propositions en acier inoxydable. Ce type de mat\u00e9riau est plus r\u00e9sistant et permet un nettoyage beaucoup plus profond ce qui garantit la salubrit\u00e9 du produit.<\/p>\n<h3>Travail sur chaine<\/h3>\n<p>La PackPoint 08 est pr\u00e9par\u00e9e pour agir avec des scelleuses comme la<a href=\"https:\/\/www.comarme-iberica.com\/fr\/product\/scelleuses-gem-520-gem-670-gem-820\/\">\u00a0GEM B520<\/a>. Ainsi, une fois que nous avons la caisse form\u00e9e et ferm\u00e9e par le fond il est possible de la d\u00e9placer sur les lignes de remplissage. Ses accessoires la pr\u00e9parent afin qu\u2019elle soit une machine versatile, avec la possibilit\u00e9 de l\u2019installer de fa\u00e7on fixe ou sur des roues, ce qui nous permet de la d\u00e9placer plus commod\u00e9ment et ainsi devenir un accessoire de plus de notre entrep\u00f4t.<\/p>\n<p>Les dimensions maximales qu\u2019admet la machine sont 650 mm de longueur et 520 mm de largeur et de profondeur. Versatilit\u00e9 \u00e0 votre service pour que vous puissiez manipuler votre produit avec une formeuse rapide et efficace. Etes-vous int\u00e9ress\u00e9 par les versions automatiques\u00a0?\u00a0<a href=\"https:\/\/www.comarme-iberica.com\/fr\/product-category\/formeuses\/scelleuses\/\">automatiques de Comarme Ib\u00e9rica.\u00a0<\/a><\/p>\n","protected":false},"excerpt":{"rendered":"<p>La PackPoint 08 est une formeuse de caisses en carton semi-automatique. Cette machine permet \u00e0 l\u2019op\u00e9rateur de former des caisses en carton rapidement et efficacement. Le syst\u00e8me aide \u00e0 plier les caisses depuis la partie inf\u00e9rieure et\/ou sup\u00e9rieure avant des passer par la scelleuse qui ach\u00e8vera le processus.<\/p>\n<h3>Une formeuse tr\u00e8s commode<\/h3>\n<p>Les dimensions de la PackPoint 08 en font une bonne alli\u00e9e pour votre fin de chaine. Le personnel de l\u2019entrep\u00f4t introduira la caisse en position inclin\u00e9e afin que la partie sup\u00e9rieure soit pli\u00e9e, et une fois form\u00e9e le remplissage pourra commencer. Les commandes pneumatiques de la machine finiront de situer la caisse pour que, finalement, elle soit scell\u00e9e et pr\u00eate pour \u00eatre palettis\u00e9e.<\/p>\n<p>Chez Comarme, nous travaillons avec tout type de secteurs et de ce fait l\u2019exigence des normatives d\u2019industries comme la bouch\u00e8re, l\u2019alimentaire ou la pharmaceutique, nous m\u00e8nent \u00e0 offrir de propositions en acier inoxydable. Ce type de mat\u00e9riau est plus r\u00e9sistant et permet un nettoyage beaucoup plus profond ce qui garantit la salubrit\u00e9 du produit.<\/p>\n<h3>Travail sur chaine<\/h3>\n<p>La PackPoint 08 est pr\u00e9par\u00e9e pour agir avec des scelleuses comme la<a href=\"https:\/\/www.comarme-iberica.com\/product\/precintadoras-gem-520\/\">\u00a0GEM B520<\/a>. Ainsi, une fois que nous avons la caisse form\u00e9e et ferm\u00e9e par le fond il est possible de la d\u00e9placer sur les lignes de remplissage. Ses accessoires la pr\u00e9parent afin qu\u2019elle soit une machine versatile, avec la possibilit\u00e9 de l\u2019installer de fa\u00e7on fixe ou sur des roues, ce qui nous permet de la d\u00e9placer plus commod\u00e9ment et ainsi devenir un accessoire de plus de notre entrep\u00f4t.<\/p>\n<p>Les dimensions maximales qu\u2019admet la machine sont 650 mm de longueur et 520 mm de largeur et de profondeur. Versatilit\u00e9 \u00e0 votre service pour que vous puissiez manipuler votre produit avec une formeuse rapide et efficace. Etes-vous int\u00e9ress\u00e9 par les versions automatiques\u00a0?\u00a0<a href=\"https:\/\/www.comarme-iberica.com\/product-category\/formadoras\/automaticas-formadoras\/\">automatiques de Comarme Ib\u00e9rica.\u00a0<\/a><\/p>\n","protected":false},"featured_media":1035,"template":"","meta":[],"_links":{"self":[{"href":"https:\/\/www.comarme-iberica.com\/fr\/wp-json\/wp\/v2\/product\/1170"}],"collection":[{"href":"https:\/\/www.comarme-iberica.com\/fr\/wp-json\/wp\/v2\/product"}],"about":[{"href":"https:\/\/www.comarme-iberica.com\/fr\/wp-json\/wp\/v2\/types\/product"}],"wp:featuredmedia":[{"embeddable":true,"href":"https:\/\/www.comarme-iberica.com\/fr\/wp-json\/wp\/v2\/media\/1035"}],"wp:attachment":[{"href":"https:\/\/www.comarme-iberica.com\/fr\/wp-json\/wp\/v2\/media?parent=1170"}],"curies":[{"name":"wp","href":"https:\/\/api.w.org\/{rel}","templated":true}]}}