{"id":1172,"date":"2018-05-07T10:52:45","date_gmt":"2018-05-07T08:52:45","guid":{"rendered":"https:\/\/www.comarme-iberica.com\/product\/formeuse-de-caisses-en-carton-f2008\/"},"modified":"2018-05-07T10:52:45","modified_gmt":"2018-05-07T08:52:45","slug":"formeuse-de-caisses-en-carton-f2008","status":"publish","type":"product","link":"https:\/\/www.comarme-iberica.com\/fr\/product\/formeuse-de-caisses-en-carton-f2008\/","title":{"rendered":"Formeuse de caisses en carton \u2013 F2008"},"content":{"rendered":"<p>La formeuse de caisse en carton F2000 ouvre la gamme des machines automatiques de Comarme Ib\u00e9rica. Le fonctionnement est pens\u00e9 pour extraire les caisses de la r\u00e9serve lat\u00e9rale pour passer ensuite au pliage. La machine est pr\u00e9par\u00e9e pour travailler avec tout type de carton, y compris les caisses en carton fin.<\/p>\n<h3><strong>Une formeuse avec toutes les garanties<\/strong><\/h3>\n<p>Cette formeuse dispose d\u2019un syst\u00e8me d\u2019entrainement qui bloque la caisse sur trois c\u00f4t\u00e9s diff\u00e9rents. Ainsi, un scellage parfait de la caisse est garanti ainsi qu\u2019un pliage \u00e0 la hauteur de vos besoins. Le syst\u00e8me de blocage de la caisse en carton fait en sorte que les rabats ne s\u2019entre-touchent pas et admet des profondeurs et de largeurs de jusqu\u2019\u00e0 500 mm. La r\u00e9serve lat\u00e9rale dispose d\u2019une capacit\u00e9 pour 100 unit\u00e9s et la machine effectue, en moyenne, le montage de plus de 720 caisses \u00e0 l\u2019heure.<\/p>\n<h3><strong>Des solutions pour votre fin de chaine?<\/strong><\/h3>\n<p>La versatilit\u00e9 est une des caract\u00e9ristiques de la formeuse de caisses en carton F2008 de Comarme. Ainsi, nos ing\u00e9nieurs peuvent l\u2019implanter sur une fin de chaine. Si vous disposez d\u2019une chaine d\u00e9j\u00e0 existante, la F2008 s\u2019int\u00e8gre parfaitement \u00e0 celle-ci. Espaces limit\u00e9s\u00a0? Pas de probl\u00e8me, sa taille r\u00e9duite permet son installation. La gamme F dispose \u00e9galement de la F2000 et F2010.<\/p>\n","protected":false},"excerpt":{"rendered":"<p>La formeuse de cartons F2000 ouvre la gamme des machines automatiques de Comarme Ib\u00e9rica. L&#8217;op\u00e9ration est destin\u00e9e \u00e0 extraire les cartons du magasin lat\u00e9ral pour les plier ensuite. La machine est pr\u00eate \u00e0 travailler avec tous les types de carton, y compris les cartons fins.<\/p>\n<h3><strong>Une machine de formage avec toutes les garanties<\/strong><\/h3>\n<p>Cette formeuse est \u00e9quip\u00e9e d&#8217;un syst\u00e8me d&#8217;entra\u00eenement qui verrouille le carton sur trois c\u00f4t\u00e9s diff\u00e9rents. Cela garantit une \u00e9tanch\u00e9it\u00e9 parfaite de la bo\u00eete et un pliage qui r\u00e9pond \u00e0 vos besoins.<\/p>\n<h3><strong>Des solutions pour votre bout de ligne?<\/strong><\/h3>\n<p>La polyvalence est l&#8217;une des caract\u00e9ristiques de la formeuse de cartons Comarme F2000. Gr\u00e2ce \u00e0 elle, nos ing\u00e9nieurs peuvent la mettre en \u0153uvre dans un bout de ligne.<\/p>\n","protected":false},"featured_media":1057,"template":"","meta":[],"_links":{"self":[{"href":"https:\/\/www.comarme-iberica.com\/fr\/wp-json\/wp\/v2\/product\/1172"}],"collection":[{"href":"https:\/\/www.comarme-iberica.com\/fr\/wp-json\/wp\/v2\/product"}],"about":[{"href":"https:\/\/www.comarme-iberica.com\/fr\/wp-json\/wp\/v2\/types\/product"}],"wp:featuredmedia":[{"embeddable":true,"href":"https:\/\/www.comarme-iberica.com\/fr\/wp-json\/wp\/v2\/media\/1057"}],"wp:attachment":[{"href":"https:\/\/www.comarme-iberica.com\/fr\/wp-json\/wp\/v2\/media?parent=1172"}],"curies":[{"name":"wp","href":"https:\/\/api.w.org\/{rel}","templated":true}]}}