{"id":1174,"date":"2018-05-07T10:48:26","date_gmt":"2018-05-07T08:48:26","guid":{"rendered":"https:\/\/www.comarme-iberica.com\/product\/formeuse-de-caisses-en-carton-f2000\/"},"modified":"2018-05-07T10:48:26","modified_gmt":"2018-05-07T08:48:26","slug":"formeuse-de-caisses-en-carton-f2000","status":"publish","type":"product","link":"https:\/\/www.comarme-iberica.com\/fr\/product\/formeuse-de-caisses-en-carton-f2000\/","title":{"rendered":"Formeuse de caisses en carton\u2013 F2000"},"content":{"rendered":"<p>La formeuse de caisse en carton F2000 ouvre la gamme des machines automatiques de Comarme Ib\u00e9rica. Le fonctionnement est pens\u00e9 pour extraire les caisses de la r\u00e9serve lat\u00e9rale pour passer ensuite au pliage. La machine est pr\u00e9par\u00e9e pour travailler avec tout type de carton, y compris les caisses en carton fin.<\/p>\n<h3><strong>Une formeuse avec toutes les garanties<\/strong><\/h3>\n<p>Cette formeuse dispose d\u2019un syst\u00e8me d\u2019entrainement qui bloque la caisse sur trois c\u00f4t\u00e9s diff\u00e9rents. Ainsi, un scellage parfait de la caisse est garanti ainsi qu\u2019un pliage \u00e0 la hauteur de vos besoins. Le syst\u00e8me de blocage de la caisse en carton fait en sorte que les rabats ne s\u2019entre-touchent pas et admet des profondeurs et de largeurs de jusqu\u2019\u00e0 500 mm. La r\u00e9serve lat\u00e9rale dispose d\u2019une capacit\u00e9 pour 100 unit\u00e9s et la machine effectue, en moyenne, le montage de plus de 900 caisses \u00e0 l\u2019heure.<\/p>\n<h3><strong>Finitions sp\u00e9ciales<\/strong><\/h3>\n<p>Comarme travaille toujours dans le but de s\u2019adapter un maximum \u00e0 chaque projet. La F2000 est une des formeuses \u00e9toile de la marque et de ce fait peut \u00eatre livr\u00e9e avec diff\u00e9rents accessoires pens\u00e9s pour am\u00e9liorer l\u2019exp\u00e9rience de l\u2019usager.<\/p>\n<ul>\n<li><strong>F2000 + CAR2002:<\/strong>\u00a0Le CAR 2002 est un chargeur pneumatique automatique qui agit en tant que r\u00e9serve d\u2019une capacit\u00e9 d\u2019entre 270 et 300 caisses. Sa fonction est d\u2019augmenter l\u2019autonomie de travail de la machine. Construit en acier inoxydable, les caisses en carton sont plac\u00e9es \u00e0 la verticale par rapport au sol et se d\u00e9placent vers la formeuse sur deux chaines parall\u00e8les. Il dispose d\u2019un voyant lumineux pour avertir du vidage du chargeur.<\/li>\n<li><strong>F2000 INOX:<\/strong> La F2000 est disponible \u00e9galement en finition inoxydable, pens\u00e9e pour tout type d\u2019activit\u00e9 industrielle qui, conform\u00e9ment \u00e0 une normative, ait besoin d\u2019utiliser ce type de mat\u00e9riau. Nous parlons d\u2019industries comme peut l\u2019\u00eatre l\u2019industrie de la viande, du poisson, alimentaire ou \u00e9galement pharmaceutique, o\u00f9 la propret\u00e9 et la pr\u00e9vention sont cruciales.<\/li>\n<li><strong>F200 SLIDE\u00a0:<\/strong>\u00a0Le syst\u00e8me Slide permet d\u2019adapter la F2000 \u00e0 des espaces o\u00f9 le chargeur lat\u00e9ral ne peut \u00eatre install\u00e9. Cette am\u00e9lioration permet que le syst\u00e8me dispose d\u2019une r\u00e9serve dans la partie arri\u00e8re de la machine et soit un m\u00e9canisme autonome qui les pr\u00e9pare \u00e0 \u00eatre mont\u00e9es.<\/li>\n<\/ul>\n<h3><strong>Des solutions pour votre fin de chaine\u00a0?<\/strong><\/h3>\n<p>La versatilit\u00e9 est une des caract\u00e9ristiques de la formeuse de caisses en carton F2000 de Comarme. Ainsi, nos ing\u00e9nieurs peuvent l\u2019implanter sur une fin de chaine. Si vous disposez d\u2019une chaine d\u00e9j\u00e0 existante, la F2000 s\u2019int\u00e8gre parfaitement \u00e0 celle-ci. Espaces limit\u00e9s\u00a0? Pas de probl\u00e8me, sa taille r\u00e9duite permet son installation.<\/p>\n","protected":false},"excerpt":{"rendered":"<p>La formeuse de caisse en carton F2000 ouvre la gamme des machines automatiques de Comarme Ib\u00e9rica. Le fonctionnement est pens\u00e9 pour extraire les caisses de la r\u00e9serve lat\u00e9rale pour passer ensuite au pliage. La machine est pr\u00e9par\u00e9e pour travailler avec tout type de carton, y compris les caisses en carton fin.<\/p>\n<h3><strong>Une formeuse avec toutes les garanties<\/strong><\/h3>\n<p>Cette formeuse dispose d\u2019un syst\u00e8me d\u2019entrainement qui bloque la caisse sur trois c\u00f4t\u00e9s diff\u00e9rents. Ainsi, un scellage parfait de la caisse est garanti ainsi qu\u2019un pliage \u00e0 la hauteur de vos besoins. Le syst\u00e8me de blocage de la caisse en carton fait en sorte que les rabats ne s\u2019entre-touchent pas et admet des profondeurs et de largeurs de jusqu\u2019\u00e0 500 mm. La r\u00e9serve lat\u00e9rale dispose d\u2019une capacit\u00e9 pour 100 unit\u00e9s et la machine effectue, en moyenne, le montage de plus de 900 caisses \u00e0 l\u2019heure.<\/p>\n<h3><strong>Des solutions pour votre fin de chaine\u00a0?<\/strong><\/h3>\n<p>La versatilit\u00e9 est une des caract\u00e9ristiques de la formeuse de caisses en carton F2000 de Comarme. Ainsi, nos ing\u00e9nieurs peuvent l\u2019implanter sur une fin de chaine. Si vous disposez d\u2019une chaine d\u00e9j\u00e0 existante, la F2000 s\u2019int\u00e8gre parfaitement \u00e0 celle-ci. Espaces limit\u00e9s\u00a0? Pas de probl\u00e8me, sa taille r\u00e9duite permet son installation.<\/p>\n","protected":false},"featured_media":1047,"template":"","meta":[],"_links":{"self":[{"href":"https:\/\/www.comarme-iberica.com\/fr\/wp-json\/wp\/v2\/product\/1174"}],"collection":[{"href":"https:\/\/www.comarme-iberica.com\/fr\/wp-json\/wp\/v2\/product"}],"about":[{"href":"https:\/\/www.comarme-iberica.com\/fr\/wp-json\/wp\/v2\/types\/product"}],"wp:featuredmedia":[{"embeddable":true,"href":"https:\/\/www.comarme-iberica.com\/fr\/wp-json\/wp\/v2\/media\/1047"}],"wp:attachment":[{"href":"https:\/\/www.comarme-iberica.com\/fr\/wp-json\/wp\/v2\/media?parent=1174"}],"curies":[{"name":"wp","href":"https:\/\/api.w.org\/{rel}","templated":true}]}}