{"id":1176,"date":"2018-05-07T09:30:05","date_gmt":"2018-05-07T07:30:05","guid":{"rendered":"https:\/\/www.comarme-iberica.com\/product\/scelleuses-gem-x350-x360\/"},"modified":"2021-10-19T11:02:50","modified_gmt":"2021-10-19T09:02:50","slug":"scelleuses-gem-x350-x360","status":"publish","type":"product","link":"https:\/\/www.comarme-iberica.com\/fr\/product\/scelleuses-gem-x350-x360\/","title":{"rendered":"Scelleuses GEM X350\/X360"},"content":{"rendered":"<p>Les scelleuses GEM X350\/X360 repr\u00e9sentent une avanc\u00e9e dans le monde des scelleuses de caisses. Si vous recherchez un syst\u00e8me pour sceller des caisses en carton de fa\u00e7on efficiente, vous avez ici la solution. Le syst\u00e8me des X dispose d\u2019un dimensionnement automatique, ce qui permet de jouer avec des lots de caisses au format variable.<\/p>\n<h3><strong>600 caisses\/heure en format variable<\/strong><\/h3>\n<p>Le syst\u00e8me pens\u00e9 pour ce type de scelleuses dispose d\u2019un entrainement parfait pour tout type de caisses\u00a0: hautes, courtes ou aux formes irr\u00e9guli\u00e8res. Situ\u00e9es horizontalement, ces bandes aident \u00e0 ce que la caisse entre dans la scelleuse totalement droite. Cela permet d\u2019offrir un scellage parfait. L\u2019important de cette machine c\u2019est qu\u2019elle permet de sceller les deux faces. De m\u00eame, elle garantit le calage des caisses par le biais de bras m\u00e9caniques lat\u00e9raux.<\/p>\n<p>De m\u00eame, le syst\u00e8me de fermeture des caisses dispose d\u2019un syst\u00e8me patent\u00e9 permettant de d\u00e9terminer en avance le poids que supportera la caisse. Le dispositif pneumatique le permet.<\/p>\n<h3><strong>Une fin de chaine avec des scelleuses de luxe<\/strong><\/h3>\n<p>Les GEM X s\u2019adaptent aux convoyeurs \u00e0 leur sortie et feront partie d\u2019une station d\u2019emballage \u00e0 haut rendement. Avez-vous besoin de sceller des caisses en carton de diff\u00e9rentes dimensions\u00a0? Voici votre meilleure option. Plus de rendement\u00a0?\u00a0<u>Cliquez ici et connaissez les automatiques de Comarme Ib\u00e9rica.<\/u><\/p>\n","protected":false},"excerpt":{"rendered":"<p>Les scelleuses GEM X350\/X360 repr\u00e9sentent une avanc\u00e9e dans le monde des scelleuses de caisses. Si vous recherchez un syst\u00e8me pour sceller des caisses en carton de fa\u00e7on efficiente, vous avez ici la solution. Le syst\u00e8me des X dispose d\u2019un dimensionnement automatique, ce qui permet de jouer avec des lots de caisses au format variable.<\/p>\n<h3><strong>600 caisses\/heure en format variable<\/strong><\/h3>\n<p>Le syst\u00e8me pens\u00e9 pour ce type de scelleuses dispose d\u2019un entrainement parfait pour tout type de caisses\u00a0: hautes, courtes ou aux formes irr\u00e9guli\u00e8res. Situ\u00e9es horizontalement, ces bandes aident \u00e0 ce que la caisse entre dans la scelleuse totalement droite. Cela permet d\u2019offrir un scellage parfait. L\u2019important de cette machine c\u2019est qu\u2019elle permet de sceller les deux faces. De m\u00eame, elle garantit le calage des caisses par le biais de bras m\u00e9caniques lat\u00e9raux.<\/p>\n<p>De m\u00eame, le syst\u00e8me de fermeture des caisses dispose d\u2019un syst\u00e8me patent\u00e9 permettant de d\u00e9terminer en avance le poids que supportera la caisse. Le dispositif pneumatique le permet.<\/p>\n<h3><strong>Une fin de chaine avec des scelleuses de luxe<\/strong><\/h3>\n<p>Les GEM X s\u2019adaptent aux convoyeurs \u00e0 leur sortie et feront partie d\u2019une station d\u2019emballage \u00e0 haut rendement. Avez-vous besoin de sceller des caisses en carton de diff\u00e9rentes dimensions\u00a0? Voici votre meilleure option. Plus de rendement\u00a0?\u00a0<u>Cliquez ici et connaissez les automatiques de Comarme Ib\u00e9rica.<\/u><\/p>\n","protected":false},"featured_media":1013,"template":"","meta":[],"_links":{"self":[{"href":"https:\/\/www.comarme-iberica.com\/fr\/wp-json\/wp\/v2\/product\/1176"}],"collection":[{"href":"https:\/\/www.comarme-iberica.com\/fr\/wp-json\/wp\/v2\/product"}],"about":[{"href":"https:\/\/www.comarme-iberica.com\/fr\/wp-json\/wp\/v2\/types\/product"}],"wp:featuredmedia":[{"embeddable":true,"href":"https:\/\/www.comarme-iberica.com\/fr\/wp-json\/wp\/v2\/media\/1013"}],"wp:attachment":[{"href":"https:\/\/www.comarme-iberica.com\/fr\/wp-json\/wp\/v2\/media?parent=1176"}],"curies":[{"name":"wp","href":"https:\/\/api.w.org\/{rel}","templated":true}]}}