{"id":1178,"date":"2018-05-04T12:25:52","date_gmt":"2018-05-04T10:25:52","guid":{"rendered":"https:\/\/www.comarme-iberica.com\/product\/scelleuses-gem-320-350-360\/"},"modified":"2021-10-19T08:44:39","modified_gmt":"2021-10-19T06:44:39","slug":"scelleuses-gem-320-350-360","status":"publish","type":"product","link":"https:\/\/www.comarme-iberica.com\/fr\/product\/scelleuses-gem-320-350-360\/","title":{"rendered":"Scelleuses GEM 320-350-360"},"content":{"rendered":"<p>Ce segment de la gamme de scelleuses de Comarme Ib\u00e9rica est indiqu\u00e9 pour le scellage de caisses tant sur la partie sup\u00e9rieure qu\u2019inf\u00e9rieure. Sceller vos caisses s\u2019av\u00e9rera plus commode, ces GEM s\u2019adaptent aux caisses hautes et minces gr\u00e2ce \u00e0 son entrainement.<\/p>\n<h3><strong>Scelleuses pour chaque besoin<\/strong><\/h3>\n<p>La particularit\u00e9 des GEM 320, 350 et 360 est un syst\u00e8me d\u2019entrainement diff\u00e9rent \u00e0 celui sur d\u2019autres machines. Dans ce cas il dispose de quatre courroies, parall\u00e8les \u00e0 la surface de travail, sur la partie sup\u00e9rieure et inf\u00e9rieure.<\/p>\n<h3><strong>Attentifs \u00e0 la productivit\u00e9<\/strong><\/h3>\n<p>Les 1 000 caisses \u00e0 l\u2019heure garantissent productivit\u00e9 \u00e0 tout type d\u2019industrie. Si vous recherchez une nouvelle embauche pour votre fin de chaine\u2026vous l\u2019avez ici. Nos syst\u00e8mes sont patent\u00e9s et se basent sur les besoins des clients. Les t\u00eates, par exemple, disposent de syst\u00e8mes uniques de r\u00e9glage et gestion de la caisse.Ces points nous permettent de g\u00e9rer la fermeture en fonction du poids qu&#8217;elle supportera. Tout est con\u00e7u pour que vous puissiez atteindre votre client avec toutes les garanties. Dans les trois cas, les machines qui composent la gamme sont des scelleuses identiques, bien qu&#8217;elles offrent des dimensions diff\u00e9rentes en fonction du mod\u00e8le de bo\u00eete que vous souhaitez sceller.<\/p>\n","protected":false},"excerpt":{"rendered":"<p>Ce segment de la gamme de scelleuses de Comarme Ib\u00e9rica est indiqu\u00e9 pour le scellage de caisses tant sur la partie sup\u00e9rieure qu\u2019inf\u00e9rieure. Sceller vos caisses s\u2019av\u00e9rera plus commode, ces GEM s\u2019adaptent aux caisses hautes et minces gr\u00e2ce \u00e0 son entrainement.<\/p>\n<h3><strong>Scelleuses pour chaque besoin<\/strong><\/h3>\n<p>La particularit\u00e9 des GEM 320, 350 et 360 est un syst\u00e8me d\u2019entrainement diff\u00e9rent \u00e0 celui sur d\u2019autres machines. Dans ce cas il dispose de quatre courroies, parall\u00e8les \u00e0 la surface de travail, sur la partie sup\u00e9rieure et inf\u00e9rieure.<\/p>\n<h3><strong>Attentifs \u00e0 la productivit\u00e9<\/strong><\/h3>\n<p>Les 1 000 caisses \u00e0 l\u2019heure garantissent productivit\u00e9 \u00e0 tout type d\u2019industrie. Si vous recherchez une nouvelle embauche pour votre fin de chaine\u2026vous l\u2019avez ici. Nos syst\u00e8mes sont patent\u00e9s et se basent sur les besoins des clients. Les t\u00eates, par exemple, disposent de syst\u00e8mes uniques de r\u00e9glage et gestion de la caisse.Ces points nous permettent de g\u00e9rer la fermeture en fonction du poids qu&#8217;elle supportera. Tout est con\u00e7u pour que vous puissiez atteindre votre client avec toutes les garanties. Dans les trois cas, les machines qui composent la gamme sont des scelleuses identiques, bien qu&#8217;elles offrent des dimensions diff\u00e9rentes en fonction du mod\u00e8le de bo\u00eete que vous souhaitez sceller.<\/p>\n","protected":false},"featured_media":1011,"template":"","meta":[],"_links":{"self":[{"href":"https:\/\/www.comarme-iberica.com\/fr\/wp-json\/wp\/v2\/product\/1178"}],"collection":[{"href":"https:\/\/www.comarme-iberica.com\/fr\/wp-json\/wp\/v2\/product"}],"about":[{"href":"https:\/\/www.comarme-iberica.com\/fr\/wp-json\/wp\/v2\/types\/product"}],"wp:featuredmedia":[{"embeddable":true,"href":"https:\/\/www.comarme-iberica.com\/fr\/wp-json\/wp\/v2\/media\/1011"}],"wp:attachment":[{"href":"https:\/\/www.comarme-iberica.com\/fr\/wp-json\/wp\/v2\/media?parent=1178"}],"curies":[{"name":"wp","href":"https:\/\/api.w.org\/{rel}","templated":true}]}}