{"id":1181,"date":"2018-05-04T11:14:28","date_gmt":"2018-05-04T09:14:28","guid":{"rendered":"https:\/\/www.comarme-iberica.com\/product\/scelleuse-gem52\/"},"modified":"2018-05-04T11:14:28","modified_gmt":"2018-05-04T09:14:28","slug":"scelleuse-gem52","status":"publish","type":"product","link":"https:\/\/www.comarme-iberica.com\/fr\/product\/scelleuse-gem52\/","title":{"rendered":"Scelleuse GEM52"},"content":{"rendered":"<p>Dans la gamme des scelleuses d\u2019Atlanta nous trouvons tout type de solutions, sur mesure, pour sceller des caisses. Chaque entreprise est un monde et c\u2019est pourquoi nous voulons vous offrir la meilleure scelleuse pour chaque cas. Cette option s\u2019adapte \u00e0 ces entrep\u00f4ts qui recherchent une machine \u00e0 sceller au dimensionnement manuel.<\/p>\n<h3><strong>Jusqu\u2019\u00e0 100 caisses\/heure<\/strong><\/h3>\n<p>Si votre fixation est la qualit\u00e9, la GEM52 remplira tous vos standards et non seulement par le nombre mais \u00e9galement par la qualit\u00e9 des finitions. Le syst\u00e8me d\u2019entrainement se compose de courroies d\u2019entrainement lat\u00e9ral, g\u00e9r\u00e9es par un moteur unique.<\/p>\n<h3><strong>Une scelleuse tr\u00e8s adaptable<\/strong><\/h3>\n<p>Le catalogue de Comarme Ib\u00e9rica est pens\u00e9 globalement. Chacune de nos machines peut s\u2019adapter \u00e0 une fin de chaine et certaines machines, comme la scelleuse de caisses GEM52 peut \u00eatre combin\u00e9e avec des convoyeurs tant en entr\u00e9e comme en sortie.<\/p>\n","protected":false},"excerpt":{"rendered":"<p>Dans la gamme des scelleuses d\u2019Atlanta nous trouvons tout type de solutions, sur mesure, pour sceller des caisses. Chaque entreprise est un monde et c\u2019est pourquoi nous voulons vous offrir la meilleure scelleuse pour chaque cas. Cette option s\u2019adapte \u00e0 ces entrep\u00f4ts qui recherchent une machine \u00e0 sceller au dimensionnement manuel.<\/p>\n<h3><strong>Jusqu\u2019\u00e0 100 caisses\/heure<\/strong><\/h3>\n<p>Si votre fixation est la qualit\u00e9, la GEM52 remplira tous vos standards et non seulement par le nombre mais \u00e9galement par la qualit\u00e9 des finitions. Le syst\u00e8me d\u2019entrainement se compose de courroies d\u2019entrainement lat\u00e9ral, g\u00e9r\u00e9es par un moteur unique.<\/p>\n<h3><strong>Une scelleuse tr\u00e8s adaptable<\/strong><\/h3>\n<p>Le catalogue de Comarme Ib\u00e9rica est pens\u00e9 globalement. Chacune de nos machines peut s\u2019adapter \u00e0 une fin de chaine et certaines machines, comme la scelleuse de caisses GEM52 peut \u00eatre combin\u00e9e avec des convoyeurs tant en entr\u00e9e comme en sortie.<\/p>\n","protected":false},"featured_media":1005,"template":"","meta":[],"_links":{"self":[{"href":"https:\/\/www.comarme-iberica.com\/fr\/wp-json\/wp\/v2\/product\/1181"}],"collection":[{"href":"https:\/\/www.comarme-iberica.com\/fr\/wp-json\/wp\/v2\/product"}],"about":[{"href":"https:\/\/www.comarme-iberica.com\/fr\/wp-json\/wp\/v2\/types\/product"}],"wp:featuredmedia":[{"embeddable":true,"href":"https:\/\/www.comarme-iberica.com\/fr\/wp-json\/wp\/v2\/media\/1005"}],"wp:attachment":[{"href":"https:\/\/www.comarme-iberica.com\/fr\/wp-json\/wp\/v2\/media?parent=1181"}],"curies":[{"name":"wp","href":"https:\/\/api.w.org\/{rel}","templated":true}]}}