{"id":1187,"date":"2018-05-03T16:29:37","date_gmt":"2018-05-03T14:29:37","guid":{"rendered":"https:\/\/www.comarme-iberica.com\/product\/scelleuses-de-caisses-gem-x520-gem-x670-x820\/"},"modified":"2018-05-03T16:29:37","modified_gmt":"2018-05-03T14:29:37","slug":"scelleuses-de-caisses-gem-x520-gem-x670-x820","status":"publish","type":"product","link":"https:\/\/www.comarme-iberica.com\/fr\/product\/scelleuses-de-caisses-gem-x520-gem-x670-x820\/","title":{"rendered":"Scelleuses de caisses GEM X520 \u2013 GEM X670 \u2013 X820"},"content":{"rendered":"<p>La gamme GEM cr\u00e9e la fermeture de caisses parfaite pour votre fin de ligne. Comarme Ib\u00e9rica r\u00e9sout toutes sortes de probl\u00e8mes lors du formage et du scellement des bo\u00eetes. Les GEM sont des fermeuses de cartons avec un ruban adh\u00e9sif de type am\u00e9ricain. Toutes ont des dimensions diff\u00e9rentes en hauteur, largeur et profondeur.<\/p>\n<h3><strong>T\u00eates auto-ajustables<\/strong><\/h3>\n<p>Les X520, X670 et X820 sont \u00e9quip\u00e9es d&#8217;un syst\u00e8me d&#8217;auto-dimensionnement qui d\u00e9place la t\u00eate et les deux bandes en fonction de la taille des cartons. Le moteur unique permet d&#8217;optimiser le glissement des cartons et garantit une fermeture parfaite de chaque unit\u00e9. La machine est facile \u00e0 utiliser et ne n\u00e9cessite pas de sp\u00e9cialisation. Elle se combine parfaitement avec les bandes transporteuses \u00e0 l&#8217;entr\u00e9e et \u00e0 la sortie du produit.<\/p>\n<p>Les configurations de t\u00eate supportent T32 et T33 en standard, et en option T21, T21.5, T21.5, T21.5, T21.5 et T33 en standard : T21, T21.5, T22 et T23. En outre, ils sont tous auto-adh\u00e9sifs pour le scellement des caisses.<\/p>\n<h3><strong>Une fermeture de caisses parfaite pour les lignes automatiques<\/strong><\/h3>\n<p>Vous recherchez une machine qui peut \u00eatre adapt\u00e9e \u00e0 une fin de ligne sans contr\u00f4le de l&#8217;op\u00e9rateur ? Les machines GEM sont pr\u00e9par\u00e9es pour \u00eatre contr\u00f4l\u00e9es par des dispositifs automatiques. Avec ces garanties, votre choix ne d\u00e9pend que de la taille de la bo\u00eete dont vous avez besoin. En tenant compte de la longueur, de la largeur et de la profondeur, vous pouvez choisir entre X520, X670 et X820.<\/p>\n","protected":false},"excerpt":{"rendered":"<p>Scelleuse automatique pour fermeture sup\u00e9rieure et inf\u00e9rieure de caisse de type am\u00e9ricain au format variable. Id\u00e9al pour sceller des caisses en carton de diff\u00e9rents types de dimensions en hauteur, largeur et profondeur.<\/p>\n<h3><strong>L\u2019automatisme \u00e0 votre service<\/strong><\/h3>\n<p>Les GEM sont de scelleuses tr\u00e8s avanc\u00e9es de caisses en carton qui s\u2019auto-adaptent \u00e0 chaque unit\u00e9 pour augmenter la productivit\u00e9. L\u2019auto-dimensionnement permet \u00e0 la GEM de reconna\u00eetre chaque unit\u00e9 pour sa fermeture. Gr\u00e2ce au syst\u00e8me DAC elle peut faire partie d\u2019une fin de chaine autonome, sans supervision n\u00e9cessaire d\u2019un op\u00e9rateur.<\/p>\n<h3><strong>Plus de 500 caisses\/heure<\/strong><\/h3>\n<p>Nous sommes conscients que la productivit\u00e9 est ce qu\u2019il y a de plus important pour vous et votre entreprise. Les GEM ont une moyenne de plus de 500 caisses scell\u00e9es par heure, et chaque mod\u00e8le permet diff\u00e9rentes dimensions que vous pouvez consulter sur les \u00ab\u00a0Dimensions des caisses\u00a0\u00bb ci-dessous.<\/p>\n","protected":false},"featured_media":1003,"template":"","meta":[],"_links":{"self":[{"href":"https:\/\/www.comarme-iberica.com\/fr\/wp-json\/wp\/v2\/product\/1187"}],"collection":[{"href":"https:\/\/www.comarme-iberica.com\/fr\/wp-json\/wp\/v2\/product"}],"about":[{"href":"https:\/\/www.comarme-iberica.com\/fr\/wp-json\/wp\/v2\/types\/product"}],"wp:featuredmedia":[{"embeddable":true,"href":"https:\/\/www.comarme-iberica.com\/fr\/wp-json\/wp\/v2\/media\/1003"}],"wp:attachment":[{"href":"https:\/\/www.comarme-iberica.com\/fr\/wp-json\/wp\/v2\/media?parent=1187"}],"curies":[{"name":"wp","href":"https:\/\/api.w.org\/{rel}","templated":true}]}}