{"id":1188,"date":"2018-05-04T11:43:37","date_gmt":"2018-05-04T09:43:37","guid":{"rendered":"https:\/\/www.comarme-iberica.com\/product\/scelleuses-gem-520-gem-670-gem-820\/"},"modified":"2018-05-04T11:43:37","modified_gmt":"2018-05-04T09:43:37","slug":"scelleuses-gem-520-gem-670-gem-820","status":"publish","type":"product","link":"https:\/\/www.comarme-iberica.com\/fr\/product\/scelleuses-gem-520-gem-670-gem-820\/","title":{"rendered":"Scelleuses GEM 520 \u2013 GEM 670 \u2013 GEM 820"},"content":{"rendered":"<p>Les GEM sont les scelleuses semi-automatiques de la famille Comarme Ib\u00e9rica. Il s&#8217;agit de machines \u00e0 sceller avec un calibrage manuel. Cette option vous permet de manipuler librement la taille de vos bo\u00eetes. Chaque machine est con\u00e7ue pour des lots ayant le m\u00eame format am\u00e9ricain.<\/p>\n<h3><strong>Machines \u00e0 sceller avec un seul moteur<\/strong><\/h3>\n<p>Ce type de scelleuses dispose d&#8217;un syst\u00e8me de d\u00e9placement lat\u00e9ral avec un seul moteur, et elles sont \u00e9galement g\u00e9r\u00e9es par des tra\u00eeneaux lat\u00e9raux qui garantissent que la bo\u00eete est toujours centr\u00e9e. La parfaite \u00e9tanch\u00e9it\u00e9 qu&#8217;ils offrent les rend bien plac\u00e9s pour faire partie d&#8217;une grande fin de ligne. \u00c0 l&#8217;inverse, ils peuvent aussi constituer la partie finale d&#8217;une petite station d&#8217;emballage.<\/p>\n<h3><strong>Sceller vos bo\u00eetes n&#8217;a jamais \u00e9t\u00e9 aussi facile<\/strong><\/h3>\n<p>L&#8217;obsession de contr\u00f4ler chaque point de nos produits nous conduit \u00e0 avoir besoin de ce type de machines. Les machines \u00e0 sceller de Comarme Ib\u00e9rica assurent le scellage du haut et du bas des bo\u00eetes. Le syst\u00e8me de fermeture brevet\u00e9 nous permet de d\u00e9terminer au pr\u00e9alable le poids que la bo\u00eete supportera, et de cette fa\u00e7on nous r\u00e9soudrons le probl\u00e8me des diff\u00e9rences de hauteur de chaque bo\u00eete. L&#8217;id\u00e9e derri\u00e8re chaque machine est d&#8217;offrir une efficacit\u00e9 maximale avec la courbe d&#8217;apprentissage la plus faible possible, n&#8217;importe quel op\u00e9rateur peut contr\u00f4ler le GEM sans aucun probl\u00e8me.<\/p>\n","protected":false},"excerpt":{"rendered":"<p>La GEM520 est une des scelleuses de la famille des semi-automatiques de Comarme Ib\u00e9rica. Il s\u2019agit d\u2019une machine \u00e0 sceller avec un dimensionnement manuel. Cette option vous permettra de manipuler librement la dimension de vos caisses. La machine est pens\u00e9e pour des lots d\u2019un m\u00eame format de type am\u00e9ricain.<\/p>\n<h3><strong>Scelleuses avec moteur unique<\/strong><\/h3>\n<p>Ces scelleuses disposent d\u2019un syst\u00e8me de d\u00e9placement lat\u00e9ral avec un unique moteur, et, de plus elles sont g\u00e9r\u00e9es par des entrainements lat\u00e9raux qui font que la caisse entre toujours centr\u00e9e.<\/p>\n<h3><strong>Sceller vos caisses n\u2019a jamais \u00e9t\u00e9 aussi facile<\/strong><\/h3>\n<p>L\u2019obsession de contr\u00f4ler chaque point de nos produits nous m\u00e8ne \u00e0 avoir besoin de ce type de machines. Les scelleuses de Comarme Ib\u00e9rica scellent tant la partie sup\u00e9rieure que l\u2019inf\u00e9rieure des caisses.<\/p>\n","protected":false},"featured_media":1009,"template":"","meta":[],"_links":{"self":[{"href":"https:\/\/www.comarme-iberica.com\/fr\/wp-json\/wp\/v2\/product\/1188"}],"collection":[{"href":"https:\/\/www.comarme-iberica.com\/fr\/wp-json\/wp\/v2\/product"}],"about":[{"href":"https:\/\/www.comarme-iberica.com\/fr\/wp-json\/wp\/v2\/types\/product"}],"wp:featuredmedia":[{"embeddable":true,"href":"https:\/\/www.comarme-iberica.com\/fr\/wp-json\/wp\/v2\/media\/1009"}],"wp:attachment":[{"href":"https:\/\/www.comarme-iberica.com\/fr\/wp-json\/wp\/v2\/media?parent=1188"}],"curies":[{"name":"wp","href":"https:\/\/api.w.org\/{rel}","templated":true}]}}